{"id":9,"date":"2020-10-22T10:40:07","date_gmt":"2020-10-22T08:40:07","guid":{"rendered":"http:\/\/wp1002813.server-he.de\/_fc\/?page_id=9"},"modified":"2021-05-03T08:24:32","modified_gmt":"2021-05-03T06:24:32","slug":"home","status":"publish","type":"page","link":"http:\/\/wp1002813.server-he.de\/_fc\/","title":{"rendered":"Home"},"content":{"rendered":"<p>[vc_row unlock_row_content=&#8221;yes&#8221; row_height_percent=&#8221;90&#8243; override_padding=&#8221;yes&#8221; h_padding=&#8221;5&#8243; top_padding=&#8221;2&#8243; bottom_padding=&#8221;2&#8243; back_color=&#8221;color-210407&#8243; overlay_alpha=&#8221;50&#8243; gutter_size=&#8221;3&#8243; column_width_percent=&#8221;100&#8243; shift_y=&#8221;0&#8243; z_index=&#8221;0&#8243;][vc_column column_width_percent=&#8221;100&#8243; gutter_size=&#8221;3&#8243; overlay_alpha=&#8221;50&#8243; shift_x=&#8221;0&#8243; shift_y=&#8221;0&#8243; shift_y_down=&#8221;0&#8243; z_index=&#8221;0&#8243; medium_width=&#8221;0&#8243; mobile_width=&#8221;0&#8243; width=&#8221;1\/1&#8243;][uncode_slider slider_type=&#8221;fade&#8221; slider_interval=&#8221;5000&#8243; slider_navspeed=&#8221;1000&#8243; slider_loop=&#8221;yes&#8221;][vc_row_inner row_inner_height_percent=&#8221;0&#8243; overlay_alpha=&#8221;50&#8243; gutter_size=&#8221;3&#8243; shift_y=&#8221;0&#8243; z_index=&#8221;0&#8243;][vc_column_inner column_width_percent=&#8221;100&#8243; position_vertical=&#8221;middle&#8221; gutter_size=&#8221;3&#8243; override_padding=&#8221;yes&#8221; column_padding=&#8221;3&#8243; style=&#8221;dark&#8221; overlay_alpha=&#8221;50&#8243; shift_x=&#8221;0&#8243; shift_y=&#8221;0&#8243; shift_y_down=&#8221;0&#8243; z_index=&#8221;0&#8243; medium_width=&#8221;0&#8243; mobile_width=&#8221;0&#8243; css_animation=&#8221;top-t-bottom&#8221; animation_speed=&#8221;800&#8243; zoom_width=&#8221;0&#8243; zoom_height=&#8221;0&#8243; width=&#8221;1\/2&#8243;][vc_single_image media=&#8221;85117&#8243; media_width_percent=&#8221;100&#8243;][vc_column_text text_lead=&#8221;yes&#8221;]<strong>FitnessConnected ist die Innovations-Plattform f\u00fcr Produkte, Services und\u00a0Konzepte, die Menschen auch zuk\u00fcnftig bewegen.<\/strong>[\/vc_column_text][vc_custom_heading heading_semantic=&#8221;h4&#8243; text_font=&#8221;font-705843&#8243; text_size=&#8221;h4&#8243; sub_lead=&#8221;yes&#8221;]FitnessConnected \u2013 Fachmesse neu gedacht[\/vc_custom_heading][vc_button button_color=&#8221;color-155498&#8243; border_width=&#8221;0&#8243; link=&#8221;url:%23fachmesse&#8221;]Mehr[\/vc_button][\/vc_column_inner][vc_column_inner column_width_percent=&#8221;90&#8243; position_vertical=&#8221;middle&#8221; align_horizontal=&#8221;align_center&#8221; gutter_size=&#8221;3&#8243; overlay_alpha=&#8221;50&#8243; shift_x=&#8221;0&#8243; shift_y=&#8221;0&#8243; shift_y_down=&#8221;0&#8243; z_index=&#8221;0&#8243; medium_width=&#8221;0&#8243; mobile_width=&#8221;0&#8243; width=&#8221;1\/2&#8243;][vc_single_image media=&#8221;85146&#8243; media_width_percent=&#8221;100&#8243;][\/vc_column_inner][\/vc_row_inner][vc_row_inner][vc_column_inner column_width_percent=&#8221;100&#8243; position_vertical=&#8221;middle&#8221; gutter_size=&#8221;3&#8243; override_padding=&#8221;yes&#8221; column_padding=&#8221;3&#8243; style=&#8221;dark&#8221; overlay_alpha=&#8221;50&#8243; shift_x=&#8221;0&#8243; shift_y=&#8221;0&#8243; shift_y_down=&#8221;0&#8243; z_index=&#8221;0&#8243; medium_width=&#8221;0&#8243; mobile_width=&#8221;0&#8243; css_animation=&#8221;top-t-bottom&#8221; animation_speed=&#8221;800&#8243; width=&#8221;1\/2&#8243;][vc_single_image media=&#8221;85121&#8243; media_width_percent=&#8221;100&#8243;][vc_column_text text_lead=&#8221;yes&#8221;]<strong>FitnessConnected ist die internationale B2B-Fachmesse mit maximaler Planungssicherheit \u2013 dank smartem Pandemie-Konzept.<\/strong>[\/vc_column_text][vc_custom_heading heading_semantic=&#8221;h4&#8243; text_font=&#8221;font-705843&#8243; text_size=&#8221;h4&#8243; sub_lead=&#8221;yes&#8221;]FitnessConnected \u2013 Fachmesse neu gedacht[\/vc_custom_heading][vc_button button_color=&#8221;color-155498&#8243; border_width=&#8221;0&#8243; link=&#8221;url:%23fachmesse&#8221;]Mehr[\/vc_button][\/vc_column_inner][vc_column_inner column_width_percent=&#8221;90&#8243; position_vertical=&#8221;middle&#8221; align_horizontal=&#8221;align_center&#8221; gutter_size=&#8221;3&#8243; overlay_alpha=&#8221;50&#8243; shift_x=&#8221;0&#8243; shift_y=&#8221;0&#8243; shift_y_down=&#8221;0&#8243; z_index=&#8221;0&#8243; medium_width=&#8221;0&#8243; mobile_width=&#8221;0&#8243; width=&#8221;1\/2&#8243;][vc_single_image media=&#8221;85150&#8243; media_width_percent=&#8221;100&#8243;][\/vc_column_inner][\/vc_row_inner][vc_row_inner][vc_column_inner column_width_percent=&#8221;100&#8243; position_vertical=&#8221;middle&#8221; gutter_size=&#8221;3&#8243; override_padding=&#8221;yes&#8221; column_padding=&#8221;3&#8243; style=&#8221;dark&#8221; overlay_alpha=&#8221;50&#8243; shift_x=&#8221;0&#8243; shift_y=&#8221;0&#8243; shift_y_down=&#8221;0&#8243; z_index=&#8221;0&#8243; medium_width=&#8221;0&#8243; mobile_width=&#8221;0&#8243; css_animation=&#8221;top-t-bottom&#8221; animation_speed=&#8221;800&#8243; width=&#8221;1\/2&#8243;][vc_single_image media=&#8221;85119&#8243; media_width_percent=&#8221;100&#8243;][vc_column_text text_lead=&#8221;yes&#8221;]<strong>FitnessConnected ist die neue internationale B2B-Fachmesse f\u00fcr den echten interdisziplin\u00e4ren Austausch.<\/strong>[\/vc_column_text][vc_custom_heading heading_semantic=&#8221;h4&#8243; text_font=&#8221;font-705843&#8243; text_size=&#8221;h4&#8243; sub_lead=&#8221;yes&#8221;]FitnessConnected \u2013 Fachmesse neu gedacht[\/vc_custom_heading][vc_button button_color=&#8221;color-155498&#8243; border_width=&#8221;0&#8243; link=&#8221;url:%23fachmesse&#8221;]Mehr[\/vc_button][\/vc_column_inner][vc_column_inner column_width_percent=&#8221;90&#8243; position_vertical=&#8221;middle&#8221; align_horizontal=&#8221;align_center&#8221; gutter_size=&#8221;3&#8243; overlay_alpha=&#8221;50&#8243; shift_x=&#8221;0&#8243; shift_y=&#8221;0&#8243; shift_y_down=&#8221;0&#8243; z_index=&#8221;0&#8243; medium_width=&#8221;0&#8243; mobile_width=&#8221;0&#8243; width=&#8221;1\/2&#8243;][vc_single_image media=&#8221;85148&#8243; media_width_percent=&#8221;100&#8243;][\/vc_column_inner][\/vc_row_inner][vc_row_inner][vc_column_inner column_width_percent=&#8221;100&#8243; position_vertical=&#8221;middle&#8221; gutter_size=&#8221;3&#8243; override_padding=&#8221;yes&#8221; column_padding=&#8221;3&#8243; style=&#8221;dark&#8221; overlay_alpha=&#8221;50&#8243; shift_x=&#8221;0&#8243; shift_y=&#8221;0&#8243; shift_y_down=&#8221;0&#8243; z_index=&#8221;0&#8243; medium_width=&#8221;0&#8243; mobile_width=&#8221;0&#8243; css_animation=&#8221;top-t-bottom&#8221; animation_speed=&#8221;800&#8243; width=&#8221;1\/2&#8243;][vc_single_image media=&#8221;85123&#8243; media_width_percent=&#8221;100&#8243;][vc_column_text text_lead=&#8221;yes&#8221;]<strong>Interdisziplin\u00e4rer Austausch und kompaktes Know-how werden vereint \u2013 zum Beispiel auf dem hochkar\u00e4tigen Fachkongress PhysioBIZZ.<\/strong>[\/vc_column_text][vc_custom_heading heading_semantic=&#8221;h4&#8243; text_font=&#8221;font-705843&#8243; text_size=&#8221;h4&#8243; sub_lead=&#8221;yes&#8221;]FitnessConnected \u2013 Fachmesse neu gedacht[\/vc_custom_heading][vc_button button_color=&#8221;color-155498&#8243; border_width=&#8221;0&#8243; link=&#8221;url:%23fachmesse&#8221;]Mehr[\/vc_button][\/vc_column_inner][vc_column_inner column_width_percent=&#8221;90&#8243; position_vertical=&#8221;middle&#8221; align_horizontal=&#8221;align_center&#8221; gutter_size=&#8221;3&#8243; overlay_alpha=&#8221;50&#8243; shift_x=&#8221;0&#8243; shift_y=&#8221;0&#8243; shift_y_down=&#8221;0&#8243; z_index=&#8221;0&#8243; medium_width=&#8221;0&#8243; mobile_width=&#8221;0&#8243; width=&#8221;1\/2&#8243;][vc_single_image media=&#8221;85166&#8243; media_width_percent=&#8221;100&#8243;][\/vc_column_inner][\/vc_row_inner][\/uncode_slider][\/vc_column][\/vc_row][vc_row row_height_percent=&#8221;0&#8243; override_padding=&#8221;yes&#8221; h_padding=&#8221;2&#8243; top_padding=&#8221;5&#8243; bottom_padding=&#8221;2&#8243; overlay_alpha=&#8221;50&#8243; equal_height=&#8221;yes&#8221; gutter_size=&#8221;4&#8243; column_width_percent=&#8221;100&#8243; shift_y=&#8221;0&#8243; z_index=&#8221;0&#8243; row_name=&#8221;fachmesse&#8221;][vc_column column_width_use_pixel=&#8221;yes&#8221; position_vertical=&#8221;middle&#8221; align_horizontal=&#8221;align_center&#8221; gutter_size=&#8221;2&#8243; overlay_alpha=&#8221;50&#8243; shift_x=&#8221;0&#8243; shift_y=&#8221;0&#8243; shift_y_down=&#8221;0&#8243; z_index=&#8221;0&#8243; medium_width=&#8221;0&#8243; mobile_width=&#8221;0&#8243; width=&#8221;1\/1&#8243; column_width_pixel=&#8221;900&#8243;][vc_custom_heading heading_semantic=&#8221;h3&#8243; text_size=&#8221;h1&#8243; text_color=&#8221;color-jevc&#8221;]Fachmesse neu gedacht[\/vc_custom_heading][vc_column_text text_lead=&#8221;yes&#8221;]Das Kernst\u00fcck von FitnessConnected: unsere internationale und interdisziplin\u00e4re Premium-Fachmesse vom 18. bis 20 November 2021 in M\u00fcnchen. Beweisen Sie Pioniergeist und werden Sie Teil eines innovativen Messeerlebnisses![\/vc_column_text][vc_button button_color=&#8221;accent&#8221; border_width=&#8221;0&#8243; link=&#8221;url:http%3A%2F%2Fwp1002813.server-he.de%2F_fc%2Fdaten-fakten%2F|title:Daten%20%26%20Fakten&#8221;]Zur Messe[\/vc_button][\/vc_column][\/vc_row][vc_row row_height_percent=&#8221;0&#8243; override_padding=&#8221;yes&#8221; h_padding=&#8221;2&#8243; top_padding=&#8221;2&#8243; bottom_padding=&#8221;7&#8243; overlay_alpha=&#8221;50&#8243; equal_height=&#8221;yes&#8221; gutter_size=&#8221;3&#8243; column_width_percent=&#8221;100&#8243; shift_y=&#8221;0&#8243; z_index=&#8221;0&#8243; el_class=&#8221;inverted-device-order&#8221; row_height_pixel=&#8221;380&#8243;][vc_column column_width_percent=&#8221;100&#8243; align_horizontal=&#8221;align_center&#8221; gutter_size=&#8221;2&#8243; override_padding=&#8221;yes&#8221; column_padding=&#8221;2&#8243; style=&#8221;dark&#8221; back_color=&#8221;color-210407&#8243; overlay_alpha=&#8221;50&#8243; shift_x=&#8221;0&#8243; shift_y=&#8221;0&#8243; shift_y_down=&#8221;0&#8243; z_index=&#8221;0&#8243; medium_width=&#8221;0&#8243; mobile_width=&#8221;0&#8243; width=&#8221;1\/3&#8243; el_class=&#8221;alignedBottom&#8221;][vc_custom_heading heading_semantic=&#8221;h3&#8243; text_size=&#8221;h4&#8243; text_transform=&#8221;uppercase&#8221; sub_reduced=&#8221;yes&#8221; subheading=&#8221;Erfolg braucht nicht viel Platz \u2013 Erfolg braucht den passenden Raum. Nach dieser Devise verschaffen wir Ihren innovativen Produkten, Services und Konzepten die richtige Aufmerksamkeit.&#8221;]Fokussiert und smart pr\u00e4sentieren[\/vc_custom_heading][vc_button button_color=&#8221;color-jevc&#8221; border_width=&#8221;0&#8243; link=&#8221;url:http%3A%2F%2Fwp1002813.server-he.de%2F_fc%2Faussteller%2F|title:Aussteller&#8221;]Infos f\u00fcr Aussteller[\/vc_button][\/vc_column][vc_column column_width_percent=&#8221;100&#8243; align_horizontal=&#8221;align_center&#8221; gutter_size=&#8221;2&#8243; override_padding=&#8221;yes&#8221; column_padding=&#8221;2&#8243; style=&#8221;dark&#8221; back_color=&#8221;color-210407&#8243; overlay_alpha=&#8221;50&#8243; shift_x=&#8221;0&#8243; shift_y=&#8221;0&#8243; shift_y_down=&#8221;0&#8243; z_index=&#8221;0&#8243; medium_width=&#8221;0&#8243; mobile_width=&#8221;0&#8243; width=&#8221;1\/3&#8243; el_class=&#8221;alignedBottom&#8221;][vc_custom_heading heading_semantic=&#8221;h3&#8243; text_size=&#8221;h4&#8243; text_transform=&#8221;uppercase&#8221; sub_reduced=&#8221;yes&#8221; subheading=&#8221;Erleben Sie spannende Innovationen, interdisziplin\u00e4ren Austausch und kompaktes Know-how aus der gesamten Fachwelt Gesundheit, Sport und Fitness \u2013 und zwar auf Augenh\u00f6he!&#8221;]Qualit\u00e4t<br \/>\nauf Augenh\u00f6he[\/vc_custom_heading][vc_button button_color=&#8221;accent&#8221; border_width=&#8221;0&#8243; link=&#8221;url:http%3A%2F%2Fwp1002813.server-he.de%2F_fc%2Fbesucher%2F|title:Besucher&#8221; width=&#8221;100&#8243;]Infos f\u00fcr Besucher[\/vc_button][\/vc_column][vc_column column_width_percent=&#8221;100&#8243; align_horizontal=&#8221;align_center&#8221; gutter_size=&#8221;2&#8243; override_padding=&#8221;yes&#8221; column_padding=&#8221;2&#8243; style=&#8221;dark&#8221; back_color=&#8221;color-210407&#8243; overlay_alpha=&#8221;50&#8243; shift_x=&#8221;0&#8243; shift_y=&#8221;0&#8243; shift_y_down=&#8221;0&#8243; z_index=&#8221;0&#8243; medium_width=&#8221;0&#8243; mobile_width=&#8221;0&#8243; width=&#8221;1\/3&#8243; el_class=&#8221;alignedBottom&#8221;][vc_custom_heading heading_semantic=&#8221;h3&#8243; text_size=&#8221;h4&#8243; text_transform=&#8221;uppercase&#8221; sub_reduced=&#8221;yes&#8221; subheading=&#8221;Informations- und Pressematerialien rund um unser B2B-Ecosystem FitnessConnected und die richtigen Ansprechpartner_innen finden Journalist_innen geb\u00fcndelt hier.&#8221;]Professionelles Medienangebot[\/vc_custom_heading][vc_button button_color=&#8221;accent&#8221; border_width=&#8221;0&#8243; link=&#8221;url:http%3A%2F%2Fwp1002813.server-he.de%2F_fc%2Fpresse%2F|title:Presse&#8221;]Pressebereich[\/vc_button][\/vc_column][\/vc_row][vc_row row_height_percent=&#8221;60&#8243; override_padding=&#8221;yes&#8221; h_padding=&#8221;2&#8243; top_padding=&#8221;3&#8243; bottom_padding=&#8221;3&#8243; back_color=&#8221;color-164593&#8243; overlay_alpha=&#8221;50&#8243; equal_height=&#8221;yes&#8221; gutter_size=&#8221;0&#8243; column_width_percent=&#8221;100&#8243; shift_y=&#8221;0&#8243; z_index=&#8221;0&#8243;][vc_column column_width_percent=&#8221;100&#8243; align_horizontal=&#8221;align_center&#8221; gutter_size=&#8221;0&#8243; overlay_alpha=&#8221;50&#8243; shift_x=&#8221;0&#8243; shift_y=&#8221;0&#8243; shift_y_down=&#8221;0&#8243; z_index=&#8221;0&#8243; medium_width=&#8221;0&#8243; mobile_width=&#8221;0&#8243; width=&#8221;1\/2&#8243; mobile_height=&#8221;340&#8243;][vc_single_image media=&#8221;85783&#8243; media_width_percent=&#8221;100&#8243;][\/vc_column][vc_column column_width_use_pixel=&#8221;yes&#8221; gutter_size=&#8221;3&#8243; override_padding=&#8221;yes&#8221; column_padding=&#8221;2&#8243; overlay_alpha=&#8221;50&#8243; shift_x=&#8221;0&#8243; shift_y=&#8221;0&#8243; shift_y_down=&#8221;0&#8243; z_index=&#8221;0&#8243; medium_width=&#8221;0&#8243; mobile_width=&#8221;0&#8243; width=&#8221;1\/2&#8243; column_width_pixel=&#8221;528&#8243;][vc_custom_heading text_size=&#8221;h1&#8243; sub_lead=&#8221;yes&#8221; subheading=&#8221;Unsere neue Premium-Fachmesse erg\u00e4nzen wir mit einer interaktiven Innovations-Plattform. Zeigen Sie hier Ihre Neuheiten, wann und wo Sie wollen \u2013 und \u00fcberzeugen Sie auch virtuell!&#8221;]Innovationen beschleunigen an 365 Tagen[\/vc_custom_heading][vc_empty_space empty_h=&#8221;1&#8243;][vc_button button_color=&#8221;accent&#8221; border_width=&#8221;0&#8243; link=&#8221;url:http%3A%2F%2Fwp1002813.server-he.de%2F_fc%2Fprodukte%2F|title:Produkte|target:_blank&#8221;]Innovations-Plattform [\/vc_button][\/vc_column][\/vc_row][vc_row unlock_row_content=&#8221;yes&#8221; row_height_percent=&#8221;50&#8243; override_padding=&#8221;yes&#8221; h_padding=&#8221;0&#8243; top_padding=&#8221;0&#8243; bottom_padding=&#8221;0&#8243; overlay_alpha=&#8221;50&#8243; gutter_size=&#8221;4&#8243; column_width_percent=&#8221;100&#8243; shift_y=&#8221;0&#8243; z_index=&#8221;0&#8243; el_class=&#8221;inverted-device-order&#8221;][vc_column column_width_use_pixel=&#8221;yes&#8221; position_vertical=&#8221;middle&#8221; gutter_size=&#8221;3&#8243; override_padding=&#8221;yes&#8221; column_padding=&#8221;4&#8243; overlay_alpha=&#8221;50&#8243; shift_x=&#8221;0&#8243; shift_y=&#8221;0&#8243; shift_y_down=&#8221;0&#8243; z_index=&#8221;0&#8243; medium_width=&#8221;0&#8243; mobile_width=&#8221;0&#8243; width=&#8221;1\/2&#8243; column_width_pixel=&#8221;750&#8243;][vc_custom_heading heading_semantic=&#8221;h3&#8243; text_size=&#8221;h1&#8243; sub_lead=&#8221;yes&#8221; subheading=&#8221;FitnessConnected ist ein ganzheitliches B2B-Ecoystem f\u00fcr Marketing, Vertrieb und Networking \u2013 basierend auf einem smarten Konzept: Premium-Fachmesse, Innovations-Plattform und Additional Touchpoints.&#8221;]Mehr als eine neue Leitmesse[\/vc_custom_heading][vc_button button_color=&#8221;accent&#8221; border_width=&#8221;0&#8243; link=&#8221;url:http%3A%2F%2Fwp1002813.server-he.de%2F_fc%2Fecosystem%2F|title:Ecosystem&#8221;]About[\/vc_button][\/vc_column][vc_column width=&#8221;1\/2&#8243;][vc_single_image media=&#8221;84981&#8243; media_width_percent=&#8221;100&#8243; media_ratio=&#8221;four-three&#8221;][\/vc_column][\/vc_row][vc_row row_height_percent=&#8221;0&#8243; override_padding=&#8221;yes&#8221; h_padding=&#8221;2&#8243; top_padding=&#8221;5&#8243; bottom_padding=&#8221;5&#8243; back_color=&#8221;color-210407&#8243; overlay_alpha=&#8221;50&#8243; gutter_size=&#8221;3&#8243; column_width_percent=&#8221;100&#8243; shift_y=&#8221;0&#8243; z_index=&#8221;0&#8243; row_name=&#8221;Newsletter&#8221;][vc_column column_width_percent=&#8221;80&#8243; position_vertical=&#8221;middle&#8221; align_horizontal=&#8221;align_center&#8221; gutter_size=&#8221;2&#8243; style=&#8221;dark&#8221; overlay_alpha=&#8221;50&#8243; shift_x=&#8221;0&#8243; shift_y=&#8221;0&#8243; shift_y_down=&#8221;0&#8243; z_index=&#8221;0&#8243; align_medium=&#8221;align_center_tablet&#8221; medium_width=&#8221;0&#8243; align_mobile=&#8221;align_center_mobile&#8221; mobile_width=&#8221;0&#8243; width=&#8221;1\/1&#8243;][vc_custom_heading heading_semantic=&#8221;h3&#8243; subheading=&#8221;Nichts mehr verpassen: Abonnieren Sie unseren FitnessConnected Newsletter! Regelm\u00e4\u00dfig erhalten Sie damit geb\u00fcndelt die wichtigsten Neuigkeiten rund um unsere B2B-Fachmesse und unsere Innovations-Plattform.&#8221;]FitnessConnected Newsletter[\/vc_custom_heading][vc_row_inner][vc_column_inner column_width_percent=&#8221;55&#8243; position_vertical=&#8221;middle&#8221; align_horizontal=&#8221;align_center&#8221; gutter_size=&#8221;2&#8243; style=&#8221;dark&#8221; overlay_alpha=&#8221;50&#8243; shift_x=&#8221;0&#8243; shift_y=&#8221;0&#8243; shift_y_down=&#8221;0&#8243; z_index=&#8221;0&#8243; medium_width=&#8221;0&#8243; mobile_width=&#8221;0&#8243; width=&#8221;1\/1&#8243;][vc_column_text]<div role=\"form\" class=\"wpcf7\" id=\"wpcf7-f85645-o1\" lang=\"en-US\" dir=\"ltr\">\n<div class=\"screen-reader-response\"><p role=\"status\" aria-live=\"polite\" aria-atomic=\"true\"><\/p> <ul><\/ul><\/div>\n<form action=\"\/_fc\/wp-json\/wp\/v2\/pages\/9#wpcf7-f85645-o1\" method=\"post\" class=\"wpcf7-form init\" novalidate=\"novalidate\" data-status=\"init\">\n<div style=\"display: none;\">\n<input type=\"hidden\" name=\"_wpcf7\" value=\"85645\" \/>\n<input type=\"hidden\" name=\"_wpcf7_version\" value=\"5.4\" \/>\n<input type=\"hidden\" name=\"_wpcf7_locale\" value=\"en_US\" \/>\n<input type=\"hidden\" name=\"_wpcf7_unit_tag\" value=\"wpcf7-f85645-o1\" \/>\n<input type=\"hidden\" name=\"_wpcf7_container_post\" value=\"0\" \/>\n<input type=\"hidden\" name=\"_wpcf7_posted_data_hash\" value=\"\" \/>\n<\/div>\n<div class=\"wpcf7-inline-wrapper\">\n<p class=\"wpcf7-inline-field\"><span class=\"wpcf7-form-control-wrap your-email\"><input type=\"text\" name=\"your-email\" value=\"\" size=\"40\" class=\"wpcf7-form-control wpcf7-text wpcf7-validates-as-required\" aria-required=\"true\" aria-invalid=\"false\" placeholder=\"E-Mail\" \/><\/span><\/p>\n<\/div>\n<p style=\"display: none\"><span class=\"wpcf7-form-control-wrap your-message\"><textarea name=\"your-message\" cols=\"40\" rows=\"10\" class=\"wpcf7-form-control wpcf7-textarea\" aria-invalid=\"false\" placeholder=\"Message\"><\/textarea><\/span> <\/p>\n<p><span class=\"wpcf7-form-control-wrap accept-this-1\"><span class=\"wpcf7-form-control wpcf7-acceptance\"><span class=\"wpcf7-list-item\"><label><input type=\"checkbox\" name=\"accept-this-1\" value=\"1\" aria-invalid=\"false\" \/><span class=\"wpcf7-list-item-label\">Hiermit best\u00e4tige ich, dass ich die <a href=\"#\">Datenschutzerkl\u00e4rung<\/a> gelesen habe und mit der Verarbeitung meiner Daten einverstanden bin.<\/span><\/label><\/span><\/span><\/span><\/p>\n<p><input type=\"submit\" value=\"Senden\" class=\"wpcf7-form-control wpcf7-submit btn btn-accent btn-flat btn-shadow-sm\" \/><\/p>\n<div class=\"wpcf7-response-output\" aria-hidden=\"true\"><\/div><\/form><\/div>[\/vc_column_text][\/vc_column_inner][\/vc_row_inner][\/vc_column][\/vc_row]<\/p>\n","protected":false},"excerpt":{"rendered":"<p>[vc_row unlock_row_content=&#8221;yes&#8221; row_height_percent=&#8221;90&#8243; override_padding=&#8221;yes&#8221; h_padding=&#8221;5&#8243; top_padding=&#8221;2&#8243; bottom_padding=&#8221;2&#8243; back_color=&#8221;color-210407&#8243; overlay_alpha=&#8221;50&#8243; gutter_size=&#8221;3&#8243; column_width_percent=&#8221;100&#8243; shift_y=&#8221;0&#8243; z_index=&#8221;0&#8243;][vc_column column_width_percent=&#8221;100&#8243; gutter_size=&#8221;3&#8243; overlay_alpha=&#8221;50&#8243; shift_x=&#8221;0&#8243; shift_y=&#8221;0&#8243; shift_y_down=&#8221;0&#8243; z_index=&#8221;0&#8243; [&hellip;]<\/p>\n","protected":false},"author":1,"featured_media":0,"parent":0,"menu_order":0,"comment_status":"closed","ping_status":"closed","template":"","meta":[],"_links":{"self":[{"href":"http:\/\/wp1002813.server-he.de\/_fc\/wp-json\/wp\/v2\/pages\/9"}],"collection":[{"href":"http:\/\/wp1002813.server-he.de\/_fc\/wp-json\/wp\/v2\/pages"}],"about":[{"href":"http:\/\/wp1002813.server-he.de\/_fc\/wp-json\/wp\/v2\/types\/page"}],"author":[{"embeddable":true,"href":"http:\/\/wp1002813.server-he.de\/_fc\/wp-json\/wp\/v2\/users\/1"}],"replies":[{"embeddable":true,"href":"http:\/\/wp1002813.server-he.de\/_fc\/wp-json\/wp\/v2\/comments?post=9"}],"version-history":[{"count":427,"href":"http:\/\/wp1002813.server-he.de\/_fc\/wp-json\/wp\/v2\/pages\/9\/revisions"}],"predecessor-version":[{"id":85863,"href":"http:\/\/wp1002813.server-he.de\/_fc\/wp-json\/wp\/v2\/pages\/9\/revisions\/85863"}],"wp:attachment":[{"href":"http:\/\/wp1002813.server-he.de\/_fc\/wp-json\/wp\/v2\/media?parent=9"}],"curies":[{"name":"wp","href":"https:\/\/api.w.org\/{rel}","templated":true}]}}