{"id":84131,"date":"2020-11-27T13:11:41","date_gmt":"2020-11-27T12:11:41","guid":{"rendered":"http:\/\/wp1002813.server-he.de\/_fc\/?page_id=84131"},"modified":"2021-04-13T14:49:51","modified_gmt":"2021-04-13T12:49:51","slug":"aussteller-werden","status":"publish","type":"page","link":"http:\/\/wp1002813.server-he.de\/_fc\/aussteller-werden\/","title":{"rendered":"Aussteller werden"},"content":{"rendered":"<p>[vc_row row_height_percent=&#8221;0&#8243; override_padding=&#8221;yes&#8221; h_padding=&#8221;0&#8243; top_padding=&#8221;5&#8243; bottom_padding=&#8221;5&#8243; back_color=&#8221;color-164593&#8243; overlay_alpha=&#8221;50&#8243; equal_height=&#8221;yes&#8221; gutter_size=&#8221;0&#8243; column_width_percent=&#8221;100&#8243; shift_y=&#8221;0&#8243; z_index=&#8221;0&#8243;][vc_column column_width_percent=&#8221;100&#8243; align_horizontal=&#8221;align_center&#8221; gutter_size=&#8221;3&#8243; override_padding=&#8221;yes&#8221; column_padding=&#8221;2&#8243; overlay_alpha=&#8221;50&#8243; shift_x=&#8221;0&#8243; shift_y=&#8221;0&#8243; shift_y_down=&#8221;0&#8243; z_index=&#8221;0&#8243; medium_width=&#8221;0&#8243; mobile_width=&#8221;0&#8243; width=&#8221;1\/1&#8243;][vc_custom_heading text_size=&#8221;h1&#8243;]So werden Sie Aussteller bei FitnessConnected[\/vc_custom_heading][vc_column_text text_lead=&#8221;yes&#8221;]Sch\u00f6n, dass Sie sich vorstellen k\u00f6nnen, f\u00fcr Ihren Gesch\u00e4ftserfolg die drei starken S\u00e4ulen unseres B2B-Ecosystems zu nutzen: mit einem Stand auf unserer Premium-Fachmesse, einer attraktiven Sonderfl\u00e4che bei unseren Additional Touchpoints sowie einer ganzj\u00e4hrigen virtuellen Pr\u00e4senz auf unserer Innovations-Plattform. Sie verkn\u00fcpfen so auf intelligente Weise die Vorteile von Online- und Offline-Welt in einem einzigen Tool f\u00fcr Marketing, Vertrieb und Networking. Sie k\u00f6nnen besser sowie flexibler planen und positionieren sich obendrein als Vorreiter einer gesundheits- und zukunftsorientieren Fitnesswirtschaft.[\/vc_column_text][\/vc_column][\/vc_row][vc_row row_height_percent=&#8221;55&#8243; override_padding=&#8221;yes&#8221; h_padding=&#8221;0&#8243; top_padding=&#8221;0&#8243; bottom_padding=&#8221;0&#8243; back_image=&#8221;84453&#8243; parallax=&#8221;yes&#8221; overlay_color=&#8221;color-210407&#8243; overlay_alpha=&#8221;50&#8243; gutter_size=&#8221;3&#8243; column_width_percent=&#8221;100&#8243; shift_y=&#8221;0&#8243; z_index=&#8221;0&#8243;][vc_column column_width_percent=&#8221;100&#8243; gutter_size=&#8221;3&#8243; overlay_alpha=&#8221;50&#8243; shift_x=&#8221;0&#8243; shift_y=&#8221;0&#8243; shift_y_down=&#8221;0&#8243; z_index=&#8221;0&#8243; medium_width=&#8221;0&#8243; mobile_width=&#8221;0&#8243; width=&#8221;1\/1&#8243;][\/vc_column][\/vc_row][vc_row row_height_percent=&#8221;0&#8243; override_padding=&#8221;yes&#8221; h_padding=&#8221;0&#8243; top_padding=&#8221;4&#8243; bottom_padding=&#8221;1&#8243; overlay_alpha=&#8221;50&#8243; equal_height=&#8221;yes&#8221; gutter_size=&#8221;0&#8243; column_width_percent=&#8221;100&#8243; shift_y=&#8221;0&#8243; z_index=&#8221;0&#8243;][vc_column column_width_percent=&#8221;70&#8243; align_horizontal=&#8221;align_center&#8221; gutter_size=&#8221;3&#8243; override_padding=&#8221;yes&#8221; column_padding=&#8221;2&#8243; overlay_alpha=&#8221;50&#8243; shift_x=&#8221;0&#8243; shift_y=&#8221;0&#8243; shift_y_down=&#8221;0&#8243; z_index=&#8221;0&#8243; medium_width=&#8221;0&#8243; mobile_width=&#8221;0&#8243; width=&#8221;1\/1&#8243;][vc_custom_heading subheading=&#8221;Mit individueller Beratung durch einen festen Ansprechpartner, exakt auf Ihre Bed\u00fcrfnisse zugeschnittene Angebote und effektivem begleitenden Marketing.&#8221;]Wir unterst\u00fctzen Sie sehr gerne.[\/vc_custom_heading][\/vc_column][\/vc_row][vc_row row_height_percent=&#8221;26&#8243; override_padding=&#8221;yes&#8221; h_padding=&#8221;2&#8243; top_padding=&#8221;2&#8243; bottom_padding=&#8221;0&#8243; overlay_alpha=&#8221;50&#8243; gutter_size=&#8221;3&#8243; column_width_percent=&#8221;100&#8243; shift_y=&#8221;0&#8243; z_index=&#8221;0&#8243;][vc_column column_width_percent=&#8221;100&#8243; gutter_size=&#8221;3&#8243; expand_height=&#8221;yes&#8221; style=&#8221;dark&#8221; back_color=&#8221;color-210407&#8243; overlay_alpha=&#8221;50&#8243; shift_x=&#8221;0&#8243; shift_y=&#8221;0&#8243; shift_y_down=&#8221;0&#8243; z_index=&#8221;0&#8243; medium_width=&#8221;0&#8243; mobile_width=&#8221;0&#8243; width=&#8221;1\/3&#8243;][vc_custom_heading heading_semantic=&#8221;h3&#8243; text_size=&#8221;h3&#8243; subheading=&#8221;Sie f\u00fcllen bitte das untenstehende Kontaktformular aus und senden es bequem online an unser Salesteam.&#8221;]1.[\/vc_custom_heading][\/vc_column][vc_column column_width_percent=&#8221;100&#8243; gutter_size=&#8221;3&#8243; expand_height=&#8221;yes&#8221; style=&#8221;dark&#8221; back_color=&#8221;color-210407&#8243; overlay_alpha=&#8221;50&#8243; shift_x=&#8221;0&#8243; shift_y=&#8221;0&#8243; shift_y_down=&#8221;0&#8243; z_index=&#8221;0&#8243; medium_width=&#8221;0&#8243; mobile_width=&#8221;0&#8243; width=&#8221;1\/3&#8243;][vc_custom_heading heading_semantic=&#8221;h3&#8243; text_size=&#8221;h3&#8243; subheading=&#8221;Wir nehmen kurzfristig Kontakt mit Ihnen auf und kl\u00e4ren Details und offene Fragen. Um die individuell f\u00fcr Sie beste Form der Pr\u00e4sentation zu finden.&#8221;]2.[\/vc_custom_heading][\/vc_column][vc_column column_width_percent=&#8221;100&#8243; gutter_size=&#8221;3&#8243; expand_height=&#8221;yes&#8221; style=&#8221;dark&#8221; back_color=&#8221;color-210407&#8243; overlay_alpha=&#8221;50&#8243; shift_x=&#8221;0&#8243; shift_y=&#8221;0&#8243; shift_y_down=&#8221;0&#8243; z_index=&#8221;0&#8243; medium_width=&#8221;0&#8243; mobile_width=&#8221;0&#8243; width=&#8221;1\/3&#8243;][vc_custom_heading heading_semantic=&#8221;h3&#8243; text_size=&#8221;h3&#8243; subheading=&#8221;Wir senden Ihnen ein unverbindliches Angebot und machen einen Vorschlag f\u00fcr eine passende Standfl\u00e4che.&#8221;]3.[\/vc_custom_heading][\/vc_column][\/vc_row][vc_row row_height_percent=&#8221;38&#8243; override_padding=&#8221;yes&#8221; h_padding=&#8221;2&#8243; top_padding=&#8221;2&#8243; bottom_padding=&#8221;5&#8243; overlay_alpha=&#8221;50&#8243; gutter_size=&#8221;3&#8243; column_width_percent=&#8221;100&#8243; shift_y=&#8221;0&#8243; z_index=&#8221;0&#8243;][vc_column column_width_percent=&#8221;100&#8243; gutter_size=&#8221;3&#8243; expand_height=&#8221;yes&#8221; style=&#8221;dark&#8221; back_color=&#8221;color-210407&#8243; overlay_alpha=&#8221;50&#8243; shift_x=&#8221;0&#8243; shift_y=&#8221;0&#8243; shift_y_down=&#8221;0&#8243; z_index=&#8221;0&#8243; medium_width=&#8221;0&#8243; mobile_width=&#8221;0&#8243; width=&#8221;1\/3&#8243;][vc_custom_heading heading_semantic=&#8221;h3&#8243; text_size=&#8221;h3&#8243; subheading=&#8221;Sind Sie mit dem Angebot einverstanden, senden wir Ihnen unser Anmeldeformular mit allen notwendigen Formalia.&#8221;]4.[\/vc_custom_heading][\/vc_column][vc_column column_width_percent=&#8221;100&#8243; gutter_size=&#8221;3&#8243; expand_height=&#8221;yes&#8221; style=&#8221;dark&#8221; back_color=&#8221;color-210407&#8243; overlay_alpha=&#8221;50&#8243; shift_x=&#8221;0&#8243; shift_y=&#8221;0&#8243; shift_y_down=&#8221;0&#8243; z_index=&#8221;0&#8243; medium_width=&#8221;0&#8243; mobile_width=&#8221;0&#8243; width=&#8221;1\/3&#8243;][vc_custom_heading heading_semantic=&#8221;h3&#8243; text_size=&#8221;h3&#8243; subheading=&#8221;Nach erfolgreicher Anmeldung erhalten Sie eine Auftragsbest\u00e4tigung. Sie k\u00f6nnen bereits mit der virtuellen Pr\u00e4senz Ihrer Produkte und Services auf unserer Innovations-Plattform starten.&#8221;]5.[\/vc_custom_heading][\/vc_column][vc_column column_width_percent=&#8221;100&#8243; gutter_size=&#8221;2&#8243; expand_height=&#8221;yes&#8221; back_color=&#8221;color-164593&#8243; overlay_alpha=&#8221;50&#8243; shift_x=&#8221;0&#8243; shift_y=&#8221;0&#8243; shift_y_down=&#8221;0&#8243; z_index=&#8221;0&#8243; medium_width=&#8221;0&#8243; mobile_width=&#8221;0&#8243; width=&#8221;1\/3&#8243;][vc_custom_heading heading_semantic=&#8221;h3&#8243; text_size=&#8221;h3&#8243;]FitnessConnected Newsletter[\/vc_custom_heading][vc_column_text]Bleiben Sie up-to-date \u00fcber neuste Entwicklungen bei FitnessConnected \u2013 mit unserem <span style=\"text-decoration: underline;\"><a href=\"#newsletter\">Newsletter<\/a><\/span>.[\/vc_column_text][\/vc_column][\/vc_row][vc_row row_height_percent=&#8221;30&#8243; override_padding=&#8221;yes&#8221; h_padding=&#8221;2&#8243; top_padding=&#8221;5&#8243; bottom_padding=&#8221;5&#8243; back_color=&#8221;color-164593&#8243; overlay_alpha=&#8221;50&#8243; gutter_size=&#8221;3&#8243; column_width_percent=&#8221;100&#8243; shift_y=&#8221;0&#8243; z_index=&#8221;0&#8243;][vc_column column_width_use_pixel=&#8221;yes&#8221; position_vertical=&#8221;middle&#8221; align_horizontal=&#8221;align_center&#8221; gutter_size=&#8221;3&#8243; overlay_alpha=&#8221;50&#8243; shift_x=&#8221;0&#8243; shift_y=&#8221;0&#8243; shift_y_down=&#8221;0&#8243; z_index=&#8221;0&#8243; medium_width=&#8221;0&#8243; mobile_width=&#8221;0&#8243; width=&#8221;1\/1&#8243; column_width_pixel=&#8221;900&#8243;][vc_custom_heading subheading=&#8221;Ich interessiere mich f\u00fcr die Teilnahme an der FitnessConnected Fachmesse und frage hiermit ein individuelles Angebot an.&#8221;]Weitere Messe-Informationen anfragen[\/vc_custom_heading][vc_row_inner][vc_column_inner width=&#8221;1\/1&#8243;]<div role=\"form\" class=\"wpcf7\" id=\"wpcf7-f85387-o1\" lang=\"en-US\" dir=\"ltr\">\n<div class=\"screen-reader-response\"><p role=\"status\" aria-live=\"polite\" aria-atomic=\"true\"><\/p> <ul><\/ul><\/div>\n<form action=\"\/_fc\/wp-json\/wp\/v2\/pages\/84131#wpcf7-f85387-o1\" method=\"post\" class=\"wpcf7-form init\" novalidate=\"novalidate\" data-status=\"init\">\n<div style=\"display: none;\">\n<input type=\"hidden\" name=\"_wpcf7\" value=\"85387\" \/>\n<input type=\"hidden\" name=\"_wpcf7_version\" value=\"5.4\" \/>\n<input type=\"hidden\" name=\"_wpcf7_locale\" value=\"en_US\" \/>\n<input type=\"hidden\" name=\"_wpcf7_unit_tag\" value=\"wpcf7-f85387-o1\" \/>\n<input type=\"hidden\" name=\"_wpcf7_container_post\" value=\"0\" \/>\n<input type=\"hidden\" name=\"_wpcf7_posted_data_hash\" value=\"\" \/>\n<\/div>\n<div class=\"wpcf7-inline-wrapper\">\n<p class=\"wpcf7-inline-field\"><span class=\"wpcf7-form-control-wrap your-name\"><input type=\"text\" name=\"your-name\" value=\"\" size=\"40\" class=\"wpcf7-form-control wpcf7-text wpcf7-validates-as-required\" aria-required=\"true\" aria-invalid=\"false\" placeholder=\"Name\" \/><\/span><\/p>\n<p class=\"wpcf7-inline-field\"><span class=\"wpcf7-form-control-wrap your-unternehmen\"><input type=\"text\" name=\"your-unternehmen\" value=\"\" size=\"40\" class=\"wpcf7-form-control wpcf7-text wpcf7-validates-as-required\" aria-required=\"true\" aria-invalid=\"false\" placeholder=\"Unternehmen\" \/><\/span><\/p>\n<\/div>\n<div class=\"wpcf7-inline-wrapper\">\n<p class=\"wpcf7-inline-field\"><span class=\"wpcf7-form-control-wrap your-branche\"><input type=\"text\" name=\"your-branche\" value=\"\" size=\"40\" class=\"wpcf7-form-control wpcf7-text wpcf7-validates-as-required\" aria-required=\"true\" aria-invalid=\"false\" placeholder=\"Branche\" \/><\/span><\/p>\n<p class=\"wpcf7-inline-field\"><span class=\"wpcf7-form-control-wrap your-website\"><input type=\"text\" name=\"your-website\" value=\"\" size=\"40\" class=\"wpcf7-form-control wpcf7-text\" aria-invalid=\"false\" placeholder=\"Website\" \/><\/span><\/p>\n<\/div>\n<div class=\"wpcf7-inline-wrapper\">\n<p class=\"wpcf7-inline-field\"><span class=\"wpcf7-form-control-wrap your-telefonnummer\"><input type=\"email\" name=\"your-telefonnummer\" value=\"\" size=\"40\" class=\"wpcf7-form-control wpcf7-text wpcf7-email wpcf7-validates-as-required wpcf7-validates-as-email\" aria-required=\"true\" aria-invalid=\"false\" placeholder=\"Telefonnummer\" \/><\/span> <\/p>\n<p class=\"wpcf7-inline-field\"><span class=\"wpcf7-form-control-wrap your-adresse\"><input type=\"text\" name=\"your-adresse\" value=\"\" size=\"40\" class=\"wpcf7-form-control wpcf7-text\" aria-invalid=\"false\" placeholder=\"Adresse\" \/><\/span> <\/p>\n<\/div>\n<div class=\"wpcf7-inline-wrapper\">\n<label>Themenwelt:<\/label><br \/>\n<span class=\"wpcf7-form-control-wrap Themenwelt\"><select name=\"Themenwelt\" class=\"wpcf7-form-control wpcf7-select\" aria-invalid=\"false\"><option value=\"-bitte ausw\u00e4hlen-\">-bitte ausw\u00e4hlen-<\/option><option value=\"Equipment\">Equipment<\/option><option value=\"Medical Fitness\">Medical Fitness<\/option><option value=\"Concept\">Concept<\/option><option value=\"Wellbeing\">Wellbeing<\/option><option value=\"Digital Solutions\">Digital Solutions<\/option><option value=\"Management\">Management<\/option><option value=\"Diagnostics\">Diagnostics<\/option><option value=\"Sunbiz\">Sunbiz<\/option><\/select><\/span>\n<\/div>\n<div class=\"wpcf7-inline-wrapper\">\n<label>Standgr\u00f6\u00dfe:<\/label><br \/>\n<span class=\"wpcf7-form-control-wrap Standgroesse\"><select name=\"Standgroesse\" class=\"wpcf7-form-control wpcf7-select\" aria-invalid=\"false\"><option value=\"-bitte ausw\u00e4hlen-\">-bitte ausw\u00e4hlen-<\/option><option value=\"BASIC (bis 49 m2)\">BASIC (bis 49 m2)<\/option><option value=\"ADVANCED (50 bis 99 m2)\">ADVANCED (50 bis 99 m2)<\/option><option value=\"EXPERT (100 bis 149 m2)\">EXPERT (100 bis 149 m2)<\/option><option value=\"PREMIUM (150 bis ca. 250 m2)\">PREMIUM (150 bis ca. 250 m2)<\/option><\/select><\/span>\n<\/div>\n<p><span class=\"wpcf7-form-control-wrap your-message\"><textarea name=\"your-message\" cols=\"40\" rows=\"10\" class=\"wpcf7-form-control wpcf7-textarea\" aria-invalid=\"false\" placeholder=\"Nachricht\"><\/textarea><\/span> <\/p>\n<p><span class=\"wpcf7-form-control-wrap\">\n\t\t\t\t\t\t<span class=\"wpcf7-form-control wpcf7-checkbox wpcf7-validates-as-required wpcf7-acceptance optional\">\n\t\t\t\t\t\t\t<span class=\"wpcf7-list-item first last\">\n\t\t\t\t\t\t\t\t<label>\n\t\t\t\t\t\t\t\t\t<input type=\"checkbox\" name=\"cleverreach\" \/>\n\t\t\t\t\t\t\t\t\t<span class=\"wpcf7-list-item-label\">Newsletter abonnieren<\/span>\n\t\t\t\t\t\t\t\t<\/label>\n\t\t\t\t\t\t\t<\/span>\n\t\t\t\t\t\t<\/span>\n\t\t\t\t\t <\/span><br \/>\n<span class=\"wpcf7-form-control-wrap accept-this-1\"><span class=\"wpcf7-form-control wpcf7-acceptance\"><span class=\"wpcf7-list-item\"><label><input type=\"checkbox\" name=\"accept-this-1\" value=\"1\" aria-invalid=\"false\" \/><span class=\"wpcf7-list-item-label\">Hiermit best\u00e4tige ich, dass ich die <a href=\"#\">Datenschutzerkl\u00e4rung<\/a> gelesen habe und mit der Verarbeitung meiner Daten einverstanden bin.<\/span><\/label><\/span><\/span><\/span><\/p>\n<p><input type=\"submit\" value=\"Senden\" class=\"wpcf7-form-control wpcf7-submit btn btn-accent btn-block\" \/><\/p>\n<div class=\"wpcf7-response-output\" aria-hidden=\"true\"><\/div><\/form><\/div>[\/vc_column_inner][\/vc_row_inner][\/vc_column][\/vc_row][vc_row row_height_percent=&#8221;0&#8243; override_padding=&#8221;yes&#8221; h_padding=&#8221;2&#8243; top_padding=&#8221;5&#8243; bottom_padding=&#8221;5&#8243; back_color=&#8221;color-210407&#8243; overlay_alpha=&#8221;50&#8243; gutter_size=&#8221;3&#8243; column_width_percent=&#8221;100&#8243; shift_y=&#8221;0&#8243; z_index=&#8221;0&#8243; row_name=&#8221;Newsletter&#8221;][vc_column column_width_percent=&#8221;80&#8243; position_vertical=&#8221;middle&#8221; align_horizontal=&#8221;align_center&#8221; gutter_size=&#8221;2&#8243; style=&#8221;dark&#8221; overlay_alpha=&#8221;50&#8243; shift_x=&#8221;0&#8243; shift_y=&#8221;0&#8243; shift_y_down=&#8221;0&#8243; z_index=&#8221;0&#8243; align_medium=&#8221;align_center_tablet&#8221; medium_width=&#8221;0&#8243; align_mobile=&#8221;align_center_mobile&#8221; mobile_width=&#8221;0&#8243; width=&#8221;1\/1&#8243;][vc_custom_heading heading_semantic=&#8221;h3&#8243; subheading=&#8221;Nichts mehr verpassen: Abonnieren Sie unseren FitnessConnected Newsletter! Regelm\u00e4\u00dfig erhalten Sie damit geb\u00fcndelt die wichtigsten Neuigkeiten rund um unsere B2B-Fachmesse und unsere Innovations-Plattform.&#8221;]FitnessConnected Newsletter[\/vc_custom_heading][vc_row_inner][vc_column_inner column_width_percent=&#8221;55&#8243; position_vertical=&#8221;middle&#8221; align_horizontal=&#8221;align_center&#8221; gutter_size=&#8221;2&#8243; style=&#8221;dark&#8221; overlay_alpha=&#8221;50&#8243; shift_x=&#8221;0&#8243; shift_y=&#8221;0&#8243; shift_y_down=&#8221;0&#8243; z_index=&#8221;0&#8243; medium_width=&#8221;0&#8243; mobile_width=&#8221;0&#8243; width=&#8221;1\/1&#8243;][vc_column_text]<div role=\"form\" class=\"wpcf7\" id=\"wpcf7-f85645-o2\" lang=\"en-US\" dir=\"ltr\">\n<div class=\"screen-reader-response\"><p role=\"status\" aria-live=\"polite\" aria-atomic=\"true\"><\/p> <ul><\/ul><\/div>\n<form action=\"\/_fc\/wp-json\/wp\/v2\/pages\/84131#wpcf7-f85645-o2\" method=\"post\" class=\"wpcf7-form init\" novalidate=\"novalidate\" data-status=\"init\">\n<div style=\"display: none;\">\n<input type=\"hidden\" name=\"_wpcf7\" value=\"85645\" \/>\n<input type=\"hidden\" name=\"_wpcf7_version\" value=\"5.4\" \/>\n<input type=\"hidden\" name=\"_wpcf7_locale\" value=\"en_US\" \/>\n<input type=\"hidden\" name=\"_wpcf7_unit_tag\" value=\"wpcf7-f85645-o2\" \/>\n<input type=\"hidden\" name=\"_wpcf7_container_post\" value=\"0\" \/>\n<input type=\"hidden\" name=\"_wpcf7_posted_data_hash\" value=\"\" \/>\n<\/div>\n<div class=\"wpcf7-inline-wrapper\">\n<p class=\"wpcf7-inline-field\"><span class=\"wpcf7-form-control-wrap your-email\"><input type=\"text\" name=\"your-email\" value=\"\" size=\"40\" class=\"wpcf7-form-control wpcf7-text wpcf7-validates-as-required\" aria-required=\"true\" aria-invalid=\"false\" placeholder=\"E-Mail\" \/><\/span><\/p>\n<\/div>\n<p style=\"display: none\"><span class=\"wpcf7-form-control-wrap your-message\"><textarea name=\"your-message\" cols=\"40\" rows=\"10\" class=\"wpcf7-form-control wpcf7-textarea\" aria-invalid=\"false\" placeholder=\"Message\"><\/textarea><\/span> <\/p>\n<p><span class=\"wpcf7-form-control-wrap accept-this-1\"><span class=\"wpcf7-form-control wpcf7-acceptance\"><span class=\"wpcf7-list-item\"><label><input type=\"checkbox\" name=\"accept-this-1\" value=\"1\" aria-invalid=\"false\" \/><span class=\"wpcf7-list-item-label\">Hiermit best\u00e4tige ich, dass ich die <a href=\"#\">Datenschutzerkl\u00e4rung<\/a> gelesen habe und mit der Verarbeitung meiner Daten einverstanden bin.<\/span><\/label><\/span><\/span><\/span><\/p>\n<p><input type=\"submit\" value=\"Senden\" class=\"wpcf7-form-control wpcf7-submit btn btn-accent btn-flat btn-shadow-sm\" \/><\/p>\n<div class=\"wpcf7-response-output\" aria-hidden=\"true\"><\/div><\/form><\/div>[\/vc_column_text][\/vc_column_inner][\/vc_row_inner][\/vc_column][\/vc_row]<\/p>\n","protected":false},"excerpt":{"rendered":"<p>[vc_row row_height_percent=&#8221;0&#8243; override_padding=&#8221;yes&#8221; h_padding=&#8221;0&#8243; top_padding=&#8221;5&#8243; bottom_padding=&#8221;5&#8243; back_color=&#8221;color-164593&#8243; overlay_alpha=&#8221;50&#8243; equal_height=&#8221;yes&#8221; gutter_size=&#8221;0&#8243; column_width_percent=&#8221;100&#8243; shift_y=&#8221;0&#8243; z_index=&#8221;0&#8243;][vc_column column_width_percent=&#8221;100&#8243; align_horizontal=&#8221;align_center&#8221; gutter_size=&#8221;3&#8243; override_padding=&#8221;yes&#8221; column_padding=&#8221;2&#8243; overlay_alpha=&#8221;50&#8243; shift_x=&#8221;0&#8243; [&hellip;]<\/p>\n","protected":false},"author":1,"featured_media":0,"parent":0,"menu_order":0,"comment_status":"closed","ping_status":"closed","template":"","meta":[],"_links":{"self":[{"href":"http:\/\/wp1002813.server-he.de\/_fc\/wp-json\/wp\/v2\/pages\/84131"}],"collection":[{"href":"http:\/\/wp1002813.server-he.de\/_fc\/wp-json\/wp\/v2\/pages"}],"about":[{"href":"http:\/\/wp1002813.server-he.de\/_fc\/wp-json\/wp\/v2\/types\/page"}],"author":[{"embeddable":true,"href":"http:\/\/wp1002813.server-he.de\/_fc\/wp-json\/wp\/v2\/users\/1"}],"replies":[{"embeddable":true,"href":"http:\/\/wp1002813.server-he.de\/_fc\/wp-json\/wp\/v2\/comments?post=84131"}],"version-history":[{"count":94,"href":"http:\/\/wp1002813.server-he.de\/_fc\/wp-json\/wp\/v2\/pages\/84131\/revisions"}],"predecessor-version":[{"id":85728,"href":"http:\/\/wp1002813.server-he.de\/_fc\/wp-json\/wp\/v2\/pages\/84131\/revisions\/85728"}],"wp:attachment":[{"href":"http:\/\/wp1002813.server-he.de\/_fc\/wp-json\/wp\/v2\/media?parent=84131"}],"curies":[{"name":"wp","href":"https:\/\/api.w.org\/{rel}","templated":true}]}}