{"id":84120,"date":"2020-11-27T12:38:20","date_gmt":"2020-11-27T11:38:20","guid":{"rendered":"http:\/\/wp1002813.server-he.de\/_fc\/?page_id=84120"},"modified":"2021-04-20T10:56:02","modified_gmt":"2021-04-20T08:56:02","slug":"aussteller","status":"publish","type":"page","link":"http:\/\/wp1002813.server-he.de\/_fc\/aussteller\/","title":{"rendered":"Aussteller"},"content":{"rendered":"<p>[vc_row row_height_percent=&#8221;90&#8243; back_color=&#8221;accent&#8221; back_image=&#8221;84453&#8243; overlay_color=&#8221;color-210407&#8243; overlay_alpha=&#8221;90&#8243; equal_height=&#8221;yes&#8221; gutter_size=&#8221;0&#8243; column_width_use_pixel=&#8221;yes&#8221; shift_y=&#8221;0&#8243; z_index=&#8221;0&#8243; row_name=&#8221;Welcome&#8221;][vc_column column_width_use_pixel=&#8221;yes&#8221; position_vertical=&#8221;middle&#8221; align_horizontal=&#8221;align_center&#8221; gutter_size=&#8221;3&#8243; style=&#8221;dark&#8221; overlay_alpha=&#8221;50&#8243; shift_x=&#8221;0&#8243; shift_y=&#8221;0&#8243; shift_y_down=&#8221;0&#8243; z_index=&#8221;0&#8243; medium_width=&#8221;0&#8243; mobile_width=&#8221;0&#8243; width=&#8221;1\/1&#8243;][vc_custom_heading css_animation=&#8221;top-t-bottom&#8221; animation_speed=&#8221;400&#8243;]Freuen Sie sich auf den H\u00f6hepunkt unseres B2B-Ecosystems:<br \/>\ndie Premium-Fachmesse FitnessConnected vom 18. bis 20. November 2021 in M\u00fcnchen![\/vc_custom_heading][vc_column_text text_lead=&#8221;yes&#8221; css_animation=&#8221;bottom-t-top&#8221; animation_speed=&#8221;800&#8243; animation_delay=&#8221;2000&#8243;]Hier r\u00fccken Sie Ihre Innovationen ins Rampenlicht f\u00fcr wichtige Entscheider aus den Bereichen Fitness, Sport, Gesundheit, Leisure, Home Fitness sowie Public. Und gestalten ganz nebenbei die Fitnesswirtschaft der Zukunft mit.[\/vc_column_text][\/vc_column][\/vc_row][vc_row row_height_percent=&#8221;0&#8243; override_padding=&#8221;yes&#8221; h_padding=&#8221;2&#8243; top_padding=&#8221;5&#8243; bottom_padding=&#8221;2&#8243; overlay_alpha=&#8221;50&#8243; gutter_size=&#8221;3&#8243; column_width_percent=&#8221;100&#8243; shift_y=&#8221;0&#8243; z_index=&#8221;0&#8243;][vc_column column_width_percent=&#8221;80&#8243; position_vertical=&#8221;middle&#8221; align_horizontal=&#8221;align_center&#8221; gutter_size=&#8221;3&#8243; overlay_alpha=&#8221;50&#8243; shift_x=&#8221;0&#8243; shift_y=&#8221;0&#8243; shift_y_down=&#8221;0&#8243; z_index=&#8221;0&#8243; medium_width=&#8221;0&#8243; mobile_width=&#8221;0&#8243; width=&#8221;1\/1&#8243;][vc_custom_heading sub_lead=&#8221;yes&#8221; subheading=&#8221;Schwierige Zeiten erfordern vorausschauendes Denken: Unser innovatives Messekonzept bietet Ihnen maximale Planungssicherheit und besonders viel Flexibilit\u00e4t.&#8221;]Starke Vorteile vereint[\/vc_custom_heading][\/vc_column][\/vc_row][vc_row row_height_percent=&#8221;0&#8243; override_padding=&#8221;yes&#8221; h_padding=&#8221;2&#8243; top_padding=&#8221;2&#8243; bottom_padding=&#8221;0&#8243; overlay_alpha=&#8221;50&#8243; gutter_size=&#8221;3&#8243; column_width_percent=&#8221;100&#8243; shift_y=&#8221;0&#8243; z_index=&#8221;0&#8243;][vc_column column_width_percent=&#8221;100&#8243; gutter_size=&#8221;2&#8243; expand_height=&#8221;yes&#8221; style=&#8221;dark&#8221; back_color=&#8221;color-210407&#8243; overlay_alpha=&#8221;50&#8243; shift_x=&#8221;0&#8243; shift_y=&#8221;0&#8243; shift_y_down=&#8221;0&#8243; z_index=&#8221;0&#8243; medium_width=&#8221;0&#8243; mobile_width=&#8221;0&#8243; width=&#8221;1\/3&#8243;][vc_custom_heading heading_semantic=&#8221;h5&#8243; text_size=&#8221;h4&#8243; text_transform=&#8221;uppercase&#8221; text_color=&#8221;accent&#8221;]interdisziplin\u00e4r[\/vc_custom_heading][vc_column_text]Treffen Sie pers\u00f6nlich auf qualitativ hochwertige nationale und internationale Fachbesucher und potenzielle Neukunden aus der Fachwelt Fitness, Sport und Gesundheit![\/vc_column_text][\/vc_column][vc_column column_width_percent=&#8221;100&#8243; gutter_size=&#8221;2&#8243; expand_height=&#8221;yes&#8221; style=&#8221;dark&#8221; back_color=&#8221;color-210407&#8243; overlay_alpha=&#8221;50&#8243; shift_x=&#8221;0&#8243; shift_y=&#8221;0&#8243; shift_y_down=&#8221;0&#8243; z_index=&#8221;0&#8243; medium_width=&#8221;0&#8243; mobile_width=&#8221;0&#8243; width=&#8221;1\/3&#8243;][vc_custom_heading heading_semantic=&#8221;h5&#8243; text_size=&#8221;h4&#8243; text_transform=&#8221;uppercase&#8221; text_color=&#8221;accent&#8221;]Flexibel[\/vc_custom_heading][vc_column_text]Profitieren Sie von ma\u00dfgeschneiderten, flexiblen Systemst\u00e4nden und innovativem Messe-Design zu einem sehr guten Preis-Leistungs-Verh\u00e4ltnis![\/vc_column_text][\/vc_column][vc_column column_width_percent=&#8221;100&#8243; gutter_size=&#8221;2&#8243; expand_height=&#8221;yes&#8221; style=&#8221;dark&#8221; back_color=&#8221;color-210407&#8243; overlay_alpha=&#8221;50&#8243; shift_x=&#8221;0&#8243; shift_y=&#8221;0&#8243; shift_y_down=&#8221;0&#8243; z_index=&#8221;0&#8243; medium_width=&#8221;0&#8243; mobile_width=&#8221;0&#8243; width=&#8221;1\/3&#8243;][vc_custom_heading heading_semantic=&#8221;h5&#8243; text_size=&#8221;h4&#8243; text_transform=&#8221;uppercase&#8221; text_color=&#8221;accent&#8221;]Focused[\/vc_custom_heading][vc_column_text]Pr\u00e4sentieren Sie Ihre Innovationen fokussierter dank limitierter Standfl\u00e4chen (max. 250 qm)![\/vc_column_text][\/vc_column][\/vc_row][vc_row row_height_percent=&#8221;0&#8243; override_padding=&#8221;yes&#8221; h_padding=&#8221;2&#8243; top_padding=&#8221;2&#8243; bottom_padding=&#8221;5&#8243; overlay_alpha=&#8221;50&#8243; gutter_size=&#8221;3&#8243; column_width_percent=&#8221;100&#8243; shift_y=&#8221;0&#8243; z_index=&#8221;0&#8243;][vc_column column_width_percent=&#8221;100&#8243; gutter_size=&#8221;2&#8243; expand_height=&#8221;yes&#8221; style=&#8221;dark&#8221; back_color=&#8221;color-210407&#8243; overlay_alpha=&#8221;50&#8243; shift_x=&#8221;0&#8243; shift_y=&#8221;0&#8243; shift_y_down=&#8221;0&#8243; z_index=&#8221;0&#8243; medium_width=&#8221;0&#8243; mobile_width=&#8221;0&#8243; width=&#8221;1\/3&#8243;][vc_custom_heading heading_semantic=&#8221;h5&#8243; text_size=&#8221;h4&#8243; text_transform=&#8221;uppercase&#8221; text_color=&#8221;accent&#8221;]Service-oriented[\/vc_custom_heading][vc_column_text]Konzentrieren Sie Sich st\u00e4rker auf Ihr Business \u2013 wir k\u00fcmmern uns um kostenloses, zentrales Catering und Servicepersonal![\/vc_column_text][\/vc_column][vc_column column_width_percent=&#8221;100&#8243; gutter_size=&#8221;2&#8243; expand_height=&#8221;yes&#8221; style=&#8221;dark&#8221; back_color=&#8221;color-210407&#8243; overlay_alpha=&#8221;50&#8243; shift_x=&#8221;0&#8243; shift_y=&#8221;0&#8243; shift_y_down=&#8221;0&#8243; z_index=&#8221;0&#8243; medium_width=&#8221;0&#8243; mobile_width=&#8221;0&#8243; width=&#8221;1\/3&#8243;][vc_custom_heading heading_semantic=&#8221;h5&#8243; text_size=&#8221;h4&#8243; text_transform=&#8221;uppercase&#8221; text_color=&#8221;accent&#8221;]Smart[\/vc_custom_heading][vc_column_text]Erleben Sie ein attraktives Rahmenprogramm aus Fachsymposien, Kongressen, Workshops und Keynotes, welches auch die Fachbesucher begeistern wird! [\/vc_column_text][\/vc_column][vc_column column_width_percent=&#8221;100&#8243; gutter_size=&#8221;2&#8243; expand_height=&#8221;yes&#8221; style=&#8221;dark&#8221; back_color=&#8221;color-210407&#8243; overlay_alpha=&#8221;50&#8243; shift_x=&#8221;0&#8243; shift_y=&#8221;0&#8243; shift_y_down=&#8221;0&#8243; z_index=&#8221;0&#8243; medium_width=&#8221;0&#8243; mobile_width=&#8221;0&#8243; width=&#8221;1\/3&#8243;][vc_custom_heading heading_semantic=&#8221;h5&#8243; text_size=&#8221;h4&#8243; text_transform=&#8221;uppercase&#8221; text_color=&#8221;accent&#8221;]Safe[\/vc_custom_heading][vc_column_text]Planen Sie sicher und transparent mit unserem vorausschauenden Pandemie-Konzept f\u00fcr alle Eventualit\u00e4ten![\/vc_column_text][\/vc_column][\/vc_row][vc_row row_height_percent=&#8221;0&#8243; override_padding=&#8221;yes&#8221; h_padding=&#8221;0&#8243; top_padding=&#8221;4&#8243; bottom_padding=&#8221;4&#8243; back_color=&#8221;color-164593&#8243; overlay_alpha=&#8221;50&#8243; equal_height=&#8221;yes&#8221; gutter_size=&#8221;0&#8243; column_width_percent=&#8221;100&#8243; shift_y=&#8221;0&#8243; z_index=&#8221;0&#8243;][vc_column column_width_percent=&#8221;100&#8243; gutter_size=&#8221;3&#8243; override_padding=&#8221;yes&#8221; column_padding=&#8221;2&#8243; overlay_alpha=&#8221;50&#8243; shift_x=&#8221;0&#8243; shift_y=&#8221;0&#8243; shift_y_down=&#8221;0&#8243; z_index=&#8221;0&#8243; medium_width=&#8221;0&#8243; mobile_width=&#8221;0&#8243; width=&#8221;1\/2&#8243;][vc_custom_heading]Unser Hallenbelegungsplan:<br \/>\nviel Platz und Sicherheit[\/vc_custom_heading][vc_column_text]Bei der Konzeption des Hallenlayouts in der Messe M\u00fcnchen hatten die Faktoren Sicherheit und \u00dcbersichtlichkeit allerh\u00f6chste Priorit\u00e4t. Daf\u00fcr sorgen unter anderem die klare Gliederung der acht Ausstellerkategorien, besonders breite G\u00e4nge, Meeting-Areas als Ausweichfl\u00e4che und das zentrale Catering. Verschaffen Sie sich einen detaillierten \u00dcberblick in unserem Hallenbelegungsplan[\/vc_column_text][vc_empty_space empty_h=&#8221;1&#8243;][vc_row_inner][vc_column_inner column_width_percent=&#8221;100&#8243; gutter_size=&#8221;3&#8243; overlay_alpha=&#8221;50&#8243; shift_x=&#8221;0&#8243; shift_y=&#8221;0&#8243; shift_y_down=&#8221;0&#8243; z_index=&#8221;0&#8243; medium_width=&#8221;4&#8243; mobile_width=&#8221;0&#8243; width=&#8221;1\/1&#8243;][vc_button button_color=&#8221;accent&#8221; outline=&#8221;yes&#8221; border_width=&#8221;0&#8243; icon=&#8221;fa fa-map2&#8243; link=&#8221;url:http%3A%2F%2Fwp1002813.server-he.de%2F_fc%2Fwp-content%2Fuploads%2F2021%2F04%2FHallenplan-C5.pdf|title:Hallenbelegungsplan%20C5&#8243;]Hallenbelegungsplan C5[\/vc_button][vc_button button_color=&#8221;accent&#8221; outline=&#8221;yes&#8221; border_width=&#8221;0&#8243; icon=&#8221;fa fa-map2&#8243; link=&#8221;url:http%3A%2F%2Fwp1002813.server-he.de%2F_fc%2Fwp-content%2Fuploads%2F2021%2F04%2FHallenplan-C6.pdf|title:Hallenbelegungsplan%20C6&#8243;]Hallenbelegungsplan C6[\/vc_button][\/vc_column_inner][\/vc_row_inner][\/vc_column][vc_column column_width_percent=&#8221;100&#8243; position_vertical=&#8221;middle&#8221; gutter_size=&#8221;0&#8243; overlay_alpha=&#8221;50&#8243; shift_x=&#8221;0&#8243; shift_y=&#8221;0&#8243; shift_y_down=&#8221;0&#8243; z_index=&#8221;0&#8243; medium_width=&#8221;0&#8243; mobile_width=&#8221;0&#8243; width=&#8221;1\/2&#8243; mobile_height=&#8221;340&#8243;][vc_single_image media=&#8221;84486&#8243; media_width_percent=&#8221;100&#8243;][\/vc_column][\/vc_row][vc_row unlock_row_content=&#8221;yes&#8221; row_height_percent=&#8221;50&#8243; override_padding=&#8221;yes&#8221; h_padding=&#8221;0&#8243; top_padding=&#8221;0&#8243; bottom_padding=&#8221;0&#8243; overlay_alpha=&#8221;50&#8243; equal_height=&#8221;yes&#8221; gutter_size=&#8221;0&#8243; column_width_percent=&#8221;100&#8243; shift_y=&#8221;0&#8243; z_index=&#8221;0&#8243;][vc_column column_width_use_pixel=&#8221;yes&#8221; position_vertical=&#8221;middle&#8221; gutter_size=&#8221;3&#8243; override_padding=&#8221;yes&#8221; column_padding=&#8221;4&#8243; overlay_alpha=&#8221;50&#8243; shift_x=&#8221;0&#8243; shift_y=&#8221;0&#8243; shift_y_down=&#8221;0&#8243; z_index=&#8221;0&#8243; medium_width=&#8221;0&#8243; mobile_width=&#8221;0&#8243; width=&#8221;1\/2&#8243; column_width_pixel=&#8221;750&#8243;][vc_custom_heading]Flexible Systemst\u00e4nde und innovatives Messedesign f\u00fcr Ihren planbaren Auftritt[\/vc_custom_heading][vc_column_text]Unser Claim \u201eFachmesse neu gedacht\u201c spiegelt sich auch im Design wider: Die hochwertigen und optisch ansprechenden System-Messest\u00e4nde bieten wir Ihnen als modulare L\u00f6sungen von der Basic S-Variante (6 Quadratmeter) bis zur Premium XXXL-Variante (247 Quadratmeter) an. Sie stehen im Lager bereit f\u00fcr Sie, Lieferzeiten fallen somit weg. Den logistischen und organisatorischen Aufwand erleichtern wir Ihnen enorm: Sie liefern uns einfach die Grafikdaten f\u00fcr Ihre Gestaltung und bringen Ihre Exponate mit. Um den Rest k\u00fcmmern wir uns. Mit unserem All-in-one-Package erhalten Sie gr\u00f6\u00dftm\u00f6gliche Flexibilit\u00e4t f\u00fcr Ihren erfolgreichen Auftritt![\/vc_column_text][vc_empty_space empty_h=&#8221;1&#8243;][vc_button button_color=&#8221;accent&#8221; outline=&#8221;yes&#8221; border_width=&#8221;0&#8243; link=&#8221;url:http%3A%2F%2Fwp1002813.server-he.de%2F_fc%2Fwp-content%2Fuploads%2F2021%2F03%2FLY_FS_Standbau_210324.pdf&#8221;]Flexible Systemst\u00e4nde[\/vc_button][\/vc_column][vc_column column_width_percent=&#8221;100&#8243; position_vertical=&#8221;middle&#8221; gutter_size=&#8221;0&#8243; back_image=&#8221;84994&#8243; overlay_alpha=&#8221;50&#8243; shift_x=&#8221;0&#8243; shift_y=&#8221;0&#8243; shift_y_down=&#8221;0&#8243; z_index=&#8221;0&#8243; medium_width=&#8221;0&#8243; mobile_width=&#8221;0&#8243; width=&#8221;1\/2&#8243; mobile_height=&#8221;340&#8243;][\/vc_column][\/vc_row][vc_row unlock_row_content=&#8221;yes&#8221; row_height_percent=&#8221;50&#8243; override_padding=&#8221;yes&#8221; h_padding=&#8221;0&#8243; top_padding=&#8221;0&#8243; bottom_padding=&#8221;0&#8243; overlay_alpha=&#8221;50&#8243; equal_height=&#8221;yes&#8221; gutter_size=&#8221;0&#8243; column_width_percent=&#8221;100&#8243; shift_y=&#8221;0&#8243; z_index=&#8221;0&#8243;][vc_column column_width_percent=&#8221;100&#8243; position_vertical=&#8221;middle&#8221; gutter_size=&#8221;0&#8243; back_image=&#8221;85852&#8243; overlay_alpha=&#8221;50&#8243; shift_x=&#8221;0&#8243; shift_y=&#8221;0&#8243; shift_y_down=&#8221;0&#8243; z_index=&#8221;0&#8243; medium_width=&#8221;0&#8243; mobile_width=&#8221;0&#8243; width=&#8221;1\/2&#8243; mobile_height=&#8221;340&#8243;][\/vc_column][vc_column column_width_use_pixel=&#8221;yes&#8221; position_vertical=&#8221;middle&#8221; gutter_size=&#8221;3&#8243; override_padding=&#8221;yes&#8221; column_padding=&#8221;4&#8243; overlay_alpha=&#8221;50&#8243; shift_x=&#8221;0&#8243; shift_y=&#8221;0&#8243; shift_y_down=&#8221;0&#8243; z_index=&#8221;0&#8243; medium_width=&#8221;0&#8243; mobile_width=&#8221;0&#8243; width=&#8221;1\/2&#8243; column_width_pixel=&#8221;750&#8243;][vc_custom_heading]Vorausschauendes Pandemie-Konzept f\u00fcr Ihre sichere Planung[\/vc_custom_heading][vc_column_text]Unser Pandemie-Konzept garantiert Ihnen auch in schwierigen Zeiten Flexibilit\u00e4t und Verl\u00e4sslichkeit. Wir machen FitnessConnected zur No Covid-Area. Realisiert haben wir das beispielsweise durch die gro\u00dfz\u00fcgige Hallenplanung (nur ca. 50 Prozent der Halle sind Standfl\u00e4che), viele Zwischeng\u00e4nge, den Verzicht auf Shows an den St\u00e4nden und das Angebot kostenloser Schnelltests. Bei pandemiebedingten Einschr\u00e4nkungen zum Messezeitpunkt bieten wir Ihnen situationsspezifische Stornierungsm\u00f6glichkeiten.[\/vc_column_text][vc_empty_space empty_h=&#8221;1&#8243;][vc_button button_color=&#8221;accent&#8221; outline=&#8221;yes&#8221; border_width=&#8221;0&#8243;]Pandemie-Konzept[\/vc_button][\/vc_column][\/vc_row][vc_row row_height_percent=&#8221;0&#8243; override_padding=&#8221;yes&#8221; h_padding=&#8221;3&#8243; top_padding=&#8221;5&#8243; bottom_padding=&#8221;5&#8243; back_color=&#8221;color-210407&#8243; overlay_alpha=&#8221;50&#8243; gutter_size=&#8221;100&#8243; column_width_percent=&#8221;100&#8243; shift_y=&#8221;0&#8243; z_index=&#8221;0&#8243; style=&#8221;inherited&#8221; row_name=&#8221;About Us&#8221;][vc_column column_width_use_pixel=&#8221;yes&#8221; position_vertical=&#8221;middle&#8221; align_horizontal=&#8221;align_center&#8221; gutter_size=&#8221;3&#8243; style=&#8221;dark&#8221; overlay_alpha=&#8221;100&#8243; shift_x=&#8221;0&#8243; shift_y=&#8221;0&#8243; shift_y_down=&#8221;0&#8243; z_index=&#8221;0&#8243; medium_width=&#8221;0&#8243; mobile_width=&#8221;0&#8243; zoom_width=&#8221;0&#8243; zoom_height=&#8221;0&#8243; width=&#8221;1\/1&#8243; column_width_pixel=&#8221;900&#8243;][vc_custom_heading heading_semantic=&#8221;h3&#8243; subheading=&#8221;In unserem Factsheet sind alle wichtigen Infos f\u00fcr Sie als Aussteller klar und kompakt zusammengefasst. Inklusive unserer transparenten und modularen Preis-Modelle, die f\u00fcr jeden Bedarf das entsprechende Angebot bieten.&#8221;]Factsheet:<br \/>\nwichtige Infos und Preis-Modelle auf einen Blick[\/vc_custom_heading][vc_button button_color=&#8221;accent&#8221; outline=&#8221;yes&#8221; border_width=&#8221;0&#8243;]Factsheet[\/vc_button][\/vc_column][\/vc_row]<\/p>\n","protected":false},"excerpt":{"rendered":"<p>[vc_row row_height_percent=&#8221;90&#8243; back_color=&#8221;accent&#8221; back_image=&#8221;84453&#8243; overlay_color=&#8221;color-210407&#8243; overlay_alpha=&#8221;90&#8243; equal_height=&#8221;yes&#8221; gutter_size=&#8221;0&#8243; column_width_use_pixel=&#8221;yes&#8221; shift_y=&#8221;0&#8243; z_index=&#8221;0&#8243; row_name=&#8221;Welcome&#8221;][vc_column column_width_use_pixel=&#8221;yes&#8221; position_vertical=&#8221;middle&#8221; align_horizontal=&#8221;align_center&#8221; gutter_size=&#8221;3&#8243; style=&#8221;dark&#8221; overlay_alpha=&#8221;50&#8243; shift_x=&#8221;0&#8243; shift_y=&#8221;0&#8243; [&hellip;]<\/p>\n","protected":false},"author":1,"featured_media":0,"parent":0,"menu_order":0,"comment_status":"closed","ping_status":"closed","template":"","meta":[],"_links":{"self":[{"href":"http:\/\/wp1002813.server-he.de\/_fc\/wp-json\/wp\/v2\/pages\/84120"}],"collection":[{"href":"http:\/\/wp1002813.server-he.de\/_fc\/wp-json\/wp\/v2\/pages"}],"about":[{"href":"http:\/\/wp1002813.server-he.de\/_fc\/wp-json\/wp\/v2\/types\/page"}],"author":[{"embeddable":true,"href":"http:\/\/wp1002813.server-he.de\/_fc\/wp-json\/wp\/v2\/users\/1"}],"replies":[{"embeddable":true,"href":"http:\/\/wp1002813.server-he.de\/_fc\/wp-json\/wp\/v2\/comments?post=84120"}],"version-history":[{"count":166,"href":"http:\/\/wp1002813.server-he.de\/_fc\/wp-json\/wp\/v2\/pages\/84120\/revisions"}],"predecessor-version":[{"id":84207,"href":"http:\/\/wp1002813.server-he.de\/_fc\/wp-json\/wp\/v2\/pages\/84120\/revisions\/84207"}],"wp:attachment":[{"href":"http:\/\/wp1002813.server-he.de\/_fc\/wp-json\/wp\/v2\/media?parent=84120"}],"curies":[{"name":"wp","href":"https:\/\/api.w.org\/{rel}","templated":true}]}}