{"id":84017,"date":"2020-11-12T14:45:36","date_gmt":"2020-11-12T13:45:36","guid":{"rendered":"http:\/\/wp1002813.server-he.de\/_fc\/?page_id=84017"},"modified":"2021-04-15T14:31:37","modified_gmt":"2021-04-15T12:31:37","slug":"touchpoints","status":"publish","type":"page","link":"http:\/\/wp1002813.server-he.de\/_fc\/touchpoints\/","title":{"rendered":"Touchpoints"},"content":{"rendered":"<p>[vc_row unlock_row_content=&#8221;yes&#8221; row_height_percent=&#8221;0&#8243; override_padding=&#8221;yes&#8221; h_padding=&#8221;0&#8243; top_padding=&#8221;0&#8243; bottom_padding=&#8221;0&#8243; overlay_alpha=&#8221;50&#8243; equal_height=&#8221;yes&#8221; gutter_size=&#8221;0&#8243; column_width_percent=&#8221;100&#8243; shift_y=&#8221;0&#8243; z_index=&#8221;0&#8243;][vc_column column_width_percent=&#8221;100&#8243; gutter_size=&#8221;3&#8243; back_image=&#8221;84792&#8243; overlay_color=&#8221;color-210407&#8243; overlay_alpha=&#8221;50&#8243; shift_x=&#8221;0&#8243; shift_y=&#8221;0&#8243; shift_y_down=&#8221;0&#8243; z_index=&#8221;0&#8243; medium_width=&#8221;0&#8243; mobile_width=&#8221;0&#8243; width=&#8221;1\/2&#8243; mobile_height=&#8221;340&#8243;][\/vc_column][vc_column column_width_use_pixel=&#8221;yes&#8221; gutter_size=&#8221;3&#8243; override_padding=&#8221;yes&#8221; column_padding=&#8221;5&#8243; style=&#8221;dark&#8221; back_color=&#8221;color-210407&#8243; overlay_alpha=&#8221;50&#8243; shift_x=&#8221;0&#8243; shift_y=&#8221;0&#8243; shift_y_down=&#8221;0&#8243; z_index=&#8221;0&#8243; medium_width=&#8221;0&#8243; mobile_width=&#8221;0&#8243; width=&#8221;1\/2&#8243; column_width_pixel=&#8221;700&#8243;][vc_custom_heading heading_semantic=&#8221;h5&#8243; text_size=&#8221;h5&#8243; text_transform=&#8221;uppercase&#8221; text_color=&#8221;accent&#8221;]HOME FITNESS \/ OUTDOOR FITNESS \/ HANDEL[\/vc_custom_heading][vc_custom_heading text_size=&#8221;h1&#8243;]Mehr Reichweite durch Additional Touchpoints[\/vc_custom_heading][vc_column_text text_lead=&#8221;yes&#8221;]Als part of the ISPO-Network hat FitnessConnected einen starken Partner zur Seite: ISPO ist die weltweit gr\u00f6\u00dfte Plattform f\u00fcr Trends und Innovationen im Sport-Business. Als Aussteller der FitnessConnected profitieren Sie von dieser einzigartigen Partnerschaft durch<\/p>\n<ul>\n<li>mehr Reichweite<\/li>\n<li>geballtes Fachwissen<\/li>\n<li>hohe Synergieeffekte<\/li>\n<li>Kostenvorteile bei weiteren Messe-Teilnahmen im ISPO-Network<\/li>\n<\/ul>\n<p>Bei ausgew\u00e4hlten Branchen-Highlights bietet Ihnen FitnessConnected attraktive Sonderfl\u00e4chen und kommunikative Begleitung.[\/vc_column_text][\/vc_column][\/vc_row][vc_row row_height_percent=&#8221;0&#8243; override_padding=&#8221;yes&#8221; h_padding=&#8221;2&#8243; top_padding=&#8221;7&#8243; bottom_padding=&#8221;2&#8243; back_color=&#8221;color-164593&#8243; overlay_alpha=&#8221;50&#8243; gutter_size=&#8221;3&#8243; column_width_percent=&#8221;100&#8243; shift_y=&#8221;0&#8243; z_index=&#8221;0&#8243;][vc_column column_width_percent=&#8221;100&#8243; align_horizontal=&#8221;align_center&#8221; gutter_size=&#8221;3&#8243; overlay_alpha=&#8221;50&#8243; shift_x=&#8221;0&#8243; shift_y=&#8221;0&#8243; shift_y_down=&#8221;0&#8243; z_index=&#8221;0&#8243; medium_width=&#8221;0&#8243; mobile_width=&#8221;0&#8243; width=&#8221;1\/1&#8243;][vc_custom_heading sub_lead=&#8221;yes&#8221; subheading=&#8221;Das ISPO-Network treibt die Evolution des Sports weltweit an.<br \/>\nZwei internationale Fachmessen davon finden j\u00e4hrlich in M\u00fcnchen statt:&#8221;]Be part of the ISPO-Network[\/vc_custom_heading][\/vc_column][\/vc_row][vc_row row_height_percent=&#8221;0&#8243; override_padding=&#8221;yes&#8221; h_padding=&#8221;2&#8243; top_padding=&#8221;2&#8243; bottom_padding=&#8221;2&#8243; back_color=&#8221;color-164593&#8243; overlay_alpha=&#8221;50&#8243; gutter_size=&#8221;3&#8243; column_width_percent=&#8221;100&#8243; shift_y=&#8221;0&#8243; z_index=&#8221;0&#8243;][vc_column column_width_percent=&#8221;100&#8243; gutter_size=&#8221;3&#8243; expand_height=&#8221;yes&#8221; back_color=&#8221;color-xsdn&#8221; overlay_alpha=&#8221;50&#8243; shift_x=&#8221;0&#8243; shift_y=&#8221;0&#8243; shift_y_down=&#8221;0&#8243; z_index=&#8221;0&#8243; medium_width=&#8221;0&#8243; mobile_width=&#8221;0&#8243; width=&#8221;1\/2&#8243;][vc_single_image media=&#8221;84768&#8243; media_width_percent=&#8221;50&#8243; alignment=&#8221;center&#8221; media_link=&#8221;url:https%3A%2F%2Fwww.ispo.com%2Fmunich|target:_blank&#8221;][vc_column_text]ISPO Munich \u2013 die weltgr\u00f6\u00dfte Multisegment-Messe im internationalen Sports-Busines mit rund 80.000 Besuchern aus 120 L\u00e4ndern.[\/vc_column_text][\/vc_column][vc_column column_width_percent=&#8221;100&#8243; gutter_size=&#8221;3&#8243; expand_height=&#8221;yes&#8221; back_color=&#8221;color-xsdn&#8221; overlay_alpha=&#8221;50&#8243; shift_x=&#8221;0&#8243; shift_y=&#8221;0&#8243; shift_y_down=&#8221;0&#8243; z_index=&#8221;0&#8243; medium_width=&#8221;0&#8243; mobile_width=&#8221;0&#8243; width=&#8221;1\/2&#8243;][vc_single_image media=&#8221;84771&#8243; media_width_percent=&#8221;77&#8243; alignment=&#8221;center&#8221; media_link=&#8221;url:https%3A%2F%2Fwww.ispo.com%2Foutdoor|target:_blank&#8221;][vc_column_text]OutDoor by ISPO \u2013 die internationale Plattform f\u00fcr eine neue Outdoor-Bewegung mit etwa 22.000 Besuchern aus 90 L\u00e4ndern.[\/vc_column_text][\/vc_column][\/vc_row][vc_row row_height_percent=&#8221;0&#8243; override_padding=&#8221;yes&#8221; h_padding=&#8221;2&#8243; top_padding=&#8221;2&#8243; bottom_padding=&#8221;7&#8243; back_color=&#8221;color-164593&#8243; overlay_alpha=&#8221;50&#8243; gutter_size=&#8221;3&#8243; column_width_percent=&#8221;100&#8243; shift_y=&#8221;0&#8243; z_index=&#8221;0&#8243;][vc_column column_width_percent=&#8221;100&#8243; align_horizontal=&#8221;align_center&#8221; gutter_size=&#8221;3&#8243; overlay_alpha=&#8221;50&#8243; shift_x=&#8221;0&#8243; shift_y=&#8221;0&#8243; shift_y_down=&#8221;0&#8243; z_index=&#8221;0&#8243; medium_width=&#8221;0&#8243; mobile_width=&#8221;0&#8243; width=&#8221;1\/1&#8243;][vc_column_text text_lead=&#8221;yes&#8221;]FitnessConnected ist Teil dieser geballten internationalen Fachkompetenz \u2013 auch Sie k\u00f6nnen Teil davon sein![\/vc_column_text][\/vc_column][\/vc_row][vc_row row_height_percent=&#8221;0&#8243; override_padding=&#8221;yes&#8221; h_padding=&#8221;0&#8243; top_padding=&#8221;5&#8243; bottom_padding=&#8221;5&#8243; overlay_alpha=&#8221;50&#8243; gutter_size=&#8221;100&#8243; column_width_percent=&#8221;100&#8243; shift_y=&#8221;0&#8243; z_index=&#8221;0&#8243; style=&#8221;inherited&#8221; row_name=&#8221;About Us&#8221;][vc_column column_width_percent=&#8221;100&#8243; position_vertical=&#8221;middle&#8221; align_horizontal=&#8221;align_center&#8221; gutter_size=&#8221;3&#8243; overlay_alpha=&#8221;100&#8243; shift_x=&#8221;0&#8243; shift_y=&#8221;0&#8243; shift_y_down=&#8221;0&#8243; z_index=&#8221;0&#8243; medium_width=&#8221;0&#8243; mobile_width=&#8221;0&#8243; zoom_width=&#8221;0&#8243; zoom_height=&#8221;0&#8243; width=&#8221;1\/1&#8243;][vc_custom_heading heading_semantic=&#8221;h3&#8243;]Bei Buchung mehrerer Veranstaltungen aus dem ISPO-Netzwerk erhalten Sie attraktive Rabatte auf die Standgeb\u00fchr.[\/vc_custom_heading][vc_single_image media=&#8221;85778&#8243; media_width_percent=&#8221;100&#8243; alignment=&#8221;center&#8221;][\/vc_column][\/vc_row]<\/p>\n","protected":false},"excerpt":{"rendered":"<p>[vc_row unlock_row_content=&#8221;yes&#8221; row_height_percent=&#8221;0&#8243; override_padding=&#8221;yes&#8221; h_padding=&#8221;0&#8243; top_padding=&#8221;0&#8243; bottom_padding=&#8221;0&#8243; overlay_alpha=&#8221;50&#8243; equal_height=&#8221;yes&#8221; gutter_size=&#8221;0&#8243; column_width_percent=&#8221;100&#8243; shift_y=&#8221;0&#8243; z_index=&#8221;0&#8243;][vc_column column_width_percent=&#8221;100&#8243; gutter_size=&#8221;3&#8243; back_image=&#8221;84792&#8243; overlay_color=&#8221;color-210407&#8243; overlay_alpha=&#8221;50&#8243; shift_x=&#8221;0&#8243; shift_y=&#8221;0&#8243; [&hellip;]<\/p>\n","protected":false},"author":1,"featured_media":0,"parent":0,"menu_order":0,"comment_status":"closed","ping_status":"closed","template":"","meta":[],"_links":{"self":[{"href":"http:\/\/wp1002813.server-he.de\/_fc\/wp-json\/wp\/v2\/pages\/84017"}],"collection":[{"href":"http:\/\/wp1002813.server-he.de\/_fc\/wp-json\/wp\/v2\/pages"}],"about":[{"href":"http:\/\/wp1002813.server-he.de\/_fc\/wp-json\/wp\/v2\/types\/page"}],"author":[{"embeddable":true,"href":"http:\/\/wp1002813.server-he.de\/_fc\/wp-json\/wp\/v2\/users\/1"}],"replies":[{"embeddable":true,"href":"http:\/\/wp1002813.server-he.de\/_fc\/wp-json\/wp\/v2\/comments?post=84017"}],"version-history":[{"count":78,"href":"http:\/\/wp1002813.server-he.de\/_fc\/wp-json\/wp\/v2\/pages\/84017\/revisions"}],"predecessor-version":[{"id":85780,"href":"http:\/\/wp1002813.server-he.de\/_fc\/wp-json\/wp\/v2\/pages\/84017\/revisions\/85780"}],"wp:attachment":[{"href":"http:\/\/wp1002813.server-he.de\/_fc\/wp-json\/wp\/v2\/media?parent=84017"}],"curies":[{"name":"wp","href":"https:\/\/api.w.org\/{rel}","templated":true}]}}