{"id":84008,"date":"2020-11-12T14:40:47","date_gmt":"2020-11-12T13:40:47","guid":{"rendered":"http:\/\/wp1002813.server-he.de\/_fc\/?page_id=84008"},"modified":"2021-05-04T11:41:22","modified_gmt":"2021-05-04T09:41:22","slug":"kontakt","status":"publish","type":"page","link":"http:\/\/wp1002813.server-he.de\/_fc\/kontakt\/","title":{"rendered":"Kontakt"},"content":{"rendered":"<p>[vc_row unlock_row_content=&#8221;yes&#8221; row_height_percent=&#8221;55&#8243; override_padding=&#8221;yes&#8221; h_padding=&#8221;0&#8243; top_padding=&#8221;0&#8243; bottom_padding=&#8221;0&#8243; overlay_alpha=&#8221;50&#8243; equal_height=&#8221;yes&#8221; gutter_size=&#8221;0&#8243; column_width_percent=&#8221;100&#8243; shift_y=&#8221;0&#8243; z_index=&#8221;0&#8243;][vc_column column_width_percent=&#8221;100&#8243; gutter_size=&#8221;3&#8243; back_image=&#8221;85028&#8243; overlay_color=&#8221;color-210407&#8243; overlay_alpha=&#8221;50&#8243; shift_x=&#8221;0&#8243; shift_y=&#8221;0&#8243; shift_y_down=&#8221;0&#8243; z_index=&#8221;0&#8243; medium_width=&#8221;0&#8243; mobile_width=&#8221;0&#8243; width=&#8221;1\/2&#8243; mobile_height=&#8221;340&#8243;][\/vc_column][vc_column column_width_use_pixel=&#8221;yes&#8221; gutter_size=&#8221;3&#8243; override_padding=&#8221;yes&#8221; column_padding=&#8221;5&#8243; style=&#8221;dark&#8221; back_color=&#8221;color-210407&#8243; overlay_alpha=&#8221;50&#8243; shift_x=&#8221;0&#8243; shift_y=&#8221;0&#8243; shift_y_down=&#8221;0&#8243; z_index=&#8221;0&#8243; medium_width=&#8221;0&#8243; mobile_width=&#8221;0&#8243; width=&#8221;1\/2&#8243; column_width_pixel=&#8221;700&#8243;][vc_custom_heading text_size=&#8221;h1&#8243; sub_lead=&#8221;yes&#8221; subheading=&#8221;Haben Sie Fragen zur FitnessConnected und den zahlreichen Angeboten? Wir beantworten sie gerne und helfen Ihnen weiter. \u00dcber unser Kontaktformular erreichen Sie uns ganz einfach:&#8221;]Wir freuen uns auf Ihre Kontaktaufnahme![\/vc_custom_heading][\/vc_column][\/vc_row][vc_row row_height_percent=&#8221;0&#8243; override_padding=&#8221;yes&#8221; h_padding=&#8221;2&#8243; top_padding=&#8221;5&#8243; bottom_padding=&#8221;5&#8243; back_color=&#8221;color-164593&#8243; overlay_alpha=&#8221;100&#8243; gutter_size=&#8221;100&#8243; column_width_percent=&#8221;100&#8243; shift_y=&#8221;0&#8243; z_index=&#8221;0&#8243; row_width=&#8221;1000&#8243; block_height=&#8221;0&#8243; back_alpha=&#8221;100&#8243; border_size=&#8221;1&#8243; style=&#8221;inherited&#8221;][vc_column column_width_use_pixel=&#8221;yes&#8221; align_horizontal=&#8221;align_center&#8221; gutter_size=&#8221;3&#8243; overlay_alpha=&#8221;100&#8243; shift_x=&#8221;0&#8243; shift_y=&#8221;0&#8243; shift_y_down=&#8221;0&#8243; z_index=&#8221;0&#8243; medium_width=&#8221;0&#8243; mobile_width=&#8221;0&#8243; zoom_width=&#8221;0&#8243; zoom_height=&#8221;0&#8243; width=&#8221;1\/1&#8243; max_width=&#8221;100&#8243; align_vertical=&#8221;top&#8221; back_alpha=&#8221;100&#8243; column_width_pixel=&#8221;900&#8243;][vc_custom_heading text_align=&#8221;text-left&#8221; text_uppercase=&#8221;&#8221;]Kontaktformular[\/vc_custom_heading][vc_row_inner][vc_column_inner column_width_percent=&#8221;100&#8243; gutter_size=&#8221;3&#8243; overlay_alpha=&#8221;50&#8243; shift_x=&#8221;0&#8243; shift_y=&#8221;0&#8243; shift_y_down=&#8221;0&#8243; z_index=&#8221;0&#8243; medium_width=&#8221;0&#8243; mobile_width=&#8221;0&#8243; width=&#8221;1\/1&#8243;]<div role=\"form\" class=\"wpcf7\" id=\"wpcf7-f69-o1\" lang=\"en-US\" dir=\"ltr\">\n<div class=\"screen-reader-response\"><p role=\"status\" aria-live=\"polite\" aria-atomic=\"true\"><\/p> <ul><\/ul><\/div>\n<form action=\"\/_fc\/wp-json\/wp\/v2\/pages\/84008#wpcf7-f69-o1\" method=\"post\" class=\"wpcf7-form init\" novalidate=\"novalidate\" data-status=\"init\">\n<div style=\"display: none;\">\n<input type=\"hidden\" name=\"_wpcf7\" value=\"69\" \/>\n<input type=\"hidden\" name=\"_wpcf7_version\" value=\"5.4\" \/>\n<input type=\"hidden\" name=\"_wpcf7_locale\" value=\"en_US\" \/>\n<input type=\"hidden\" name=\"_wpcf7_unit_tag\" value=\"wpcf7-f69-o1\" \/>\n<input type=\"hidden\" name=\"_wpcf7_container_post\" value=\"0\" \/>\n<input type=\"hidden\" name=\"_wpcf7_posted_data_hash\" value=\"\" \/>\n<\/div>\n<div class=\"wpcf7-inline-wrapper\">\n<p class=\"wpcf7-inline-field\"><span class=\"wpcf7-form-control-wrap your-firstname\"><input type=\"text\" name=\"your-firstname\" value=\"\" size=\"40\" class=\"wpcf7-form-control wpcf7-text wpcf7-validates-as-required\" aria-required=\"true\" aria-invalid=\"false\" placeholder=\"Vorname\" \/><\/span><\/p>\n<p class=\"wpcf7-inline-field\"><span class=\"wpcf7-form-control-wrap your-lastname\"><input type=\"text\" name=\"your-lastname\" value=\"\" size=\"40\" class=\"wpcf7-form-control wpcf7-text wpcf7-validates-as-required\" aria-required=\"true\" aria-invalid=\"false\" placeholder=\"Name\" \/><\/span><\/p>\n<\/div>\n<div class=\"wpcf7-inline-wrapper\">\n<p class=\"wpcf7-inline-field\"><span class=\"wpcf7-form-control-wrap your-email\"><input type=\"email\" name=\"your-email\" value=\"\" size=\"40\" class=\"wpcf7-form-control wpcf7-text wpcf7-email wpcf7-validates-as-required wpcf7-validates-as-email\" aria-required=\"true\" aria-invalid=\"false\" placeholder=\"E-Mail\" \/><\/span> <\/p>\n<p class=\"wpcf7-inline-field\"><span class=\"wpcf7-form-control-wrap your-website\"><input type=\"text\" name=\"your-website\" value=\"\" size=\"40\" class=\"wpcf7-form-control wpcf7-text\" aria-invalid=\"false\" placeholder=\"Website\" \/><\/span> <\/p>\n<\/div>\n<p><span class=\"wpcf7-form-control-wrap your-message\"><textarea name=\"your-message\" cols=\"40\" rows=\"10\" class=\"wpcf7-form-control wpcf7-textarea\" aria-invalid=\"false\" placeholder=\"Nachricht\"><\/textarea><\/span> <\/p>\n<p><span class=\"wpcf7-form-control-wrap\">\n\t\t\t\t\t\t<span class=\"wpcf7-form-control wpcf7-checkbox wpcf7-validates-as-required wpcf7-acceptance optional\">\n\t\t\t\t\t\t\t<span class=\"wpcf7-list-item first last\">\n\t\t\t\t\t\t\t\t<label>\n\t\t\t\t\t\t\t\t\t<input type=\"checkbox\" name=\"cleverreach\" \/>\n\t\t\t\t\t\t\t\t\t<span class=\"wpcf7-list-item-label\">Newsletter abonnieren<\/span>\n\t\t\t\t\t\t\t\t<\/label>\n\t\t\t\t\t\t\t<\/span>\n\t\t\t\t\t\t<\/span>\n\t\t\t\t\t <\/span><br \/>\n<span class=\"wpcf7-form-control-wrap accept-this-1\"><span class=\"wpcf7-form-control wpcf7-acceptance\"><span class=\"wpcf7-list-item\"><label><input type=\"checkbox\" name=\"accept-this-1\" value=\"1\" aria-invalid=\"false\" \/><span class=\"wpcf7-list-item-label\">Hiermit best\u00e4tige ich, dass ich die <a href=\"#\">Datenschutzerkl\u00e4rung<\/a> gelesen habe und mit der Verarbeitung meiner Daten einverstanden bin.<\/span><\/label><\/span><\/span><\/span><\/p>\n<p><input type=\"submit\" value=\"Senden\" class=\"wpcf7-form-control wpcf7-submit btn btn-accent btn-block\" \/><\/p>\n<div class=\"wpcf7-response-output\" aria-hidden=\"true\"><\/div><\/form><\/div>[\/vc_column_inner][\/vc_row_inner][\/vc_column][\/vc_row][vc_row row_height_percent=&#8221;0&#8243; override_padding=&#8221;yes&#8221; h_padding=&#8221;2&#8243; top_padding=&#8221;4&#8243; bottom_padding=&#8221;0&#8243; overlay_alpha=&#8221;50&#8243; gutter_size=&#8221;3&#8243; column_width_percent=&#8221;100&#8243; shift_y=&#8221;0&#8243; z_index=&#8221;0&#8243;][vc_column column_width_percent=&#8221;100&#8243; position_vertical=&#8221;middle&#8221; align_horizontal=&#8221;align_center&#8221; gutter_size=&#8221;3&#8243; overlay_alpha=&#8221;50&#8243; shift_x=&#8221;0&#8243; shift_y=&#8221;0&#8243; shift_y_down=&#8221;0&#8243; z_index=&#8221;0&#8243; medium_width=&#8221;0&#8243; mobile_width=&#8221;0&#8243; width=&#8221;1\/1&#8243;][vc_custom_heading]Ihre internationalen Ansprechpartner:[\/vc_custom_heading][\/vc_column][\/vc_row][vc_row row_height_percent=&#8221;0&#8243; override_padding=&#8221;yes&#8221; h_padding=&#8221;2&#8243; top_padding=&#8221;2&#8243; bottom_padding=&#8221;4&#8243; overlay_alpha=&#8221;50&#8243; gutter_size=&#8221;3&#8243; column_width_percent=&#8221;100&#8243; shift_y=&#8221;0&#8243; z_index=&#8221;0&#8243;][vc_column column_width_percent=&#8221;100&#8243; gutter_size=&#8221;2&#8243; overlay_alpha=&#8221;50&#8243; shift_x=&#8221;0&#8243; shift_y=&#8221;0&#8243; shift_y_down=&#8221;0&#8243; z_index=&#8221;0&#8243; medium_width=&#8221;0&#8243; mobile_width=&#8221;0&#8243; width=&#8221;1\/6&#8243;][vc_row_inner row_inner_height_percent=&#8221;0&#8243; overlay_alpha=&#8221;50&#8243; gutter_size=&#8221;3&#8243; shift_y=&#8221;0&#8243; z_index=&#8221;0&#8243; el_class=&#8221;fix_height&#8221;][vc_column_inner column_width_percent=&#8221;100&#8243; gutter_size=&#8221;3&#8243; override_padding=&#8221;yes&#8221; column_padding=&#8221;4&#8243; back_image=&#8221;85870&#8243; overlay_color=&#8221;color-210407&#8243; overlay_alpha=&#8221;65&#8243; shift_x=&#8221;0&#8243; shift_y=&#8221;0&#8243; shift_y_down=&#8221;0&#8243; z_index=&#8221;0&#8243; medium_width=&#8221;4&#8243; mobile_width=&#8221;0&#8243; width=&#8221;1\/1&#8243;][\/vc_column_inner][\/vc_row_inner][vc_column_text]<strong>Davide Galli<\/strong><\/p>\n<p>MF GmbH \/ MONAOFIERE<br \/>\n<a href=\"mailto:espositori@monacofiere.com\">E-Mail<\/a><br \/>\nTel.: +39 02 4070 8301<br \/>\n<a href=\"http:\/\/www.monacofiere.com\" target=\"_blank\" rel=\"noopener\">www.monacofiere.com<\/a>[\/vc_column_text][vc_single_image media=&#8221;85884&#8243; media_width_percent=&#8221;80&#8243;][\/vc_column][vc_column column_width_percent=&#8221;100&#8243; gutter_size=&#8221;2&#8243; overlay_alpha=&#8221;50&#8243; shift_x=&#8221;0&#8243; shift_y=&#8221;0&#8243; shift_y_down=&#8221;0&#8243; z_index=&#8221;0&#8243; medium_width=&#8221;0&#8243; mobile_width=&#8221;0&#8243; width=&#8221;1\/6&#8243;][vc_row_inner row_inner_height_percent=&#8221;0&#8243; overlay_alpha=&#8221;50&#8243; gutter_size=&#8221;3&#8243; shift_y=&#8221;0&#8243; z_index=&#8221;0&#8243; el_class=&#8221;fix_height&#8221;][vc_column_inner column_width_percent=&#8221;100&#8243; gutter_size=&#8221;3&#8243; override_padding=&#8221;yes&#8221; column_padding=&#8221;4&#8243; back_image=&#8221;85870&#8243; overlay_color=&#8221;color-210407&#8243; overlay_alpha=&#8221;65&#8243; shift_x=&#8221;0&#8243; shift_y=&#8221;0&#8243; shift_y_down=&#8221;0&#8243; z_index=&#8221;0&#8243; medium_width=&#8221;4&#8243; mobile_width=&#8221;0&#8243; width=&#8221;1\/1&#8243; mobile_height=&#8221;350&#8243;][\/vc_column_inner][\/vc_row_inner][vc_column_text]<strong>Davide Galli<\/strong><\/p>\n<p>MF GmbH \/ MONAOFIERE<br \/>\n<a href=\"mailto:espositori@monacofiere.com\">E-Mail<\/a><br \/>\nTel.: +39 02 4070 8301<br \/>\n<a href=\"http:\/\/www.monacofiere.com\" target=\"_blank\" rel=\"noopener\">www.monacofiere.com<\/a>[\/vc_column_text][vc_single_image media=&#8221;85884&#8243; media_width_percent=&#8221;80&#8243;][\/vc_column][vc_column column_width_percent=&#8221;100&#8243; gutter_size=&#8221;2&#8243; overlay_alpha=&#8221;50&#8243; shift_x=&#8221;0&#8243; shift_y=&#8221;0&#8243; shift_y_down=&#8221;0&#8243; z_index=&#8221;0&#8243; medium_width=&#8221;0&#8243; mobile_width=&#8221;0&#8243; width=&#8221;1\/6&#8243;][vc_row_inner row_inner_height_percent=&#8221;0&#8243; overlay_alpha=&#8221;50&#8243; gutter_size=&#8221;3&#8243; shift_y=&#8221;0&#8243; z_index=&#8221;0&#8243; el_class=&#8221;fix_height&#8221;][vc_column_inner column_width_percent=&#8221;100&#8243; gutter_size=&#8221;3&#8243; override_padding=&#8221;yes&#8221; column_padding=&#8221;4&#8243; back_image=&#8221;85870&#8243; overlay_color=&#8221;color-210407&#8243; overlay_alpha=&#8221;65&#8243; shift_x=&#8221;0&#8243; shift_y=&#8221;0&#8243; shift_y_down=&#8221;0&#8243; z_index=&#8221;0&#8243; medium_width=&#8221;4&#8243; mobile_width=&#8221;0&#8243; width=&#8221;1\/1&#8243; mobile_height=&#8221;350&#8243;][\/vc_column_inner][\/vc_row_inner][vc_column_text]<strong>Davide Galli<\/strong><\/p>\n<p>MF GmbH \/ MONAOFIERE<br \/>\n<a href=\"mailto:espositori@monacofiere.com\">E-Mail<\/a><br \/>\nTel.: +39 02 4070 8301<br \/>\n<a href=\"http:\/\/www.monacofiere.com\" target=\"_blank\" rel=\"noopener\">www.monacofiere.com<\/a>[\/vc_column_text][vc_single_image media=&#8221;85884&#8243; media_width_percent=&#8221;80&#8243;][\/vc_column][vc_column column_width_percent=&#8221;100&#8243; gutter_size=&#8221;2&#8243; overlay_alpha=&#8221;50&#8243; shift_x=&#8221;0&#8243; shift_y=&#8221;0&#8243; shift_y_down=&#8221;0&#8243; z_index=&#8221;0&#8243; medium_width=&#8221;0&#8243; mobile_width=&#8221;0&#8243; width=&#8221;1\/6&#8243;][vc_row_inner row_inner_height_percent=&#8221;0&#8243; overlay_alpha=&#8221;50&#8243; gutter_size=&#8221;3&#8243; shift_y=&#8221;0&#8243; z_index=&#8221;0&#8243; el_class=&#8221;fix_height&#8221;][vc_column_inner column_width_percent=&#8221;100&#8243; gutter_size=&#8221;3&#8243; override_padding=&#8221;yes&#8221; column_padding=&#8221;4&#8243; back_image=&#8221;85870&#8243; overlay_color=&#8221;color-210407&#8243; overlay_alpha=&#8221;65&#8243; shift_x=&#8221;0&#8243; shift_y=&#8221;0&#8243; shift_y_down=&#8221;0&#8243; z_index=&#8221;0&#8243; medium_width=&#8221;4&#8243; mobile_width=&#8221;0&#8243; width=&#8221;1\/1&#8243; mobile_height=&#8221;350&#8243;][\/vc_column_inner][\/vc_row_inner][vc_column_text]<strong>Davide Galli<\/strong><\/p>\n<p>MF GmbH \/ MONAOFIERE<br \/>\n<a href=\"mailto:espositori@monacofiere.com\">E-Mail<\/a><br \/>\nTel.: +39 02 4070 8301<br \/>\n<a href=\"http:\/\/www.monacofiere.com\" target=\"_blank\" rel=\"noopener\">www.monacofiere.com<\/a>[\/vc_column_text][vc_single_image media=&#8221;85884&#8243; media_width_percent=&#8221;80&#8243;][\/vc_column][vc_column column_width_percent=&#8221;100&#8243; gutter_size=&#8221;2&#8243; overlay_alpha=&#8221;50&#8243; shift_x=&#8221;0&#8243; shift_y=&#8221;0&#8243; shift_y_down=&#8221;0&#8243; z_index=&#8221;0&#8243; medium_width=&#8221;0&#8243; mobile_width=&#8221;0&#8243; width=&#8221;1\/6&#8243;][vc_row_inner row_inner_height_percent=&#8221;0&#8243; overlay_alpha=&#8221;50&#8243; gutter_size=&#8221;3&#8243; shift_y=&#8221;0&#8243; z_index=&#8221;0&#8243; el_class=&#8221;fix_height&#8221;][vc_column_inner column_width_percent=&#8221;100&#8243; gutter_size=&#8221;3&#8243; override_padding=&#8221;yes&#8221; column_padding=&#8221;4&#8243; back_image=&#8221;85870&#8243; overlay_color=&#8221;color-210407&#8243; overlay_alpha=&#8221;65&#8243; shift_x=&#8221;0&#8243; shift_y=&#8221;0&#8243; shift_y_down=&#8221;0&#8243; z_index=&#8221;0&#8243; medium_width=&#8221;4&#8243; mobile_width=&#8221;0&#8243; width=&#8221;1\/1&#8243; mobile_height=&#8221;350&#8243;][\/vc_column_inner][\/vc_row_inner][vc_column_text]<strong>Davide Galli<\/strong><\/p>\n<p>MF GmbH \/ MONAOFIERE<br \/>\n<a href=\"mailto:espositori@monacofiere.com\">E-Mail<\/a><br \/>\nTel.: +39 02 4070 8301<br \/>\n<a href=\"http:\/\/www.monacofiere.com\" target=\"_blank\" rel=\"noopener\">www.monacofiere.com<\/a>[\/vc_column_text][vc_single_image media=&#8221;85884&#8243; media_width_percent=&#8221;80&#8243;][\/vc_column][vc_column column_width_percent=&#8221;100&#8243; gutter_size=&#8221;3&#8243; overlay_alpha=&#8221;50&#8243; shift_x=&#8221;0&#8243; shift_y=&#8221;0&#8243; shift_y_down=&#8221;0&#8243; z_index=&#8221;0&#8243; desktop_visibility=&#8221;yes&#8221; medium_visibility=&#8221;yes&#8221; medium_width=&#8221;0&#8243; mobile_visibility=&#8221;yes&#8221; mobile_width=&#8221;0&#8243; width=&#8221;1\/6&#8243;][\/vc_column][\/vc_row][vc_row row_height_percent=&#8221;0&#8243; override_padding=&#8221;yes&#8221; h_padding=&#8221;2&#8243; top_padding=&#8221;5&#8243; bottom_padding=&#8221;5&#8243; back_color=&#8221;color-210407&#8243; overlay_alpha=&#8221;50&#8243; gutter_size=&#8221;3&#8243; column_width_percent=&#8221;100&#8243; shift_y=&#8221;0&#8243; z_index=&#8221;0&#8243; row_name=&#8221;Newsletter&#8221;][vc_column column_width_percent=&#8221;80&#8243; position_vertical=&#8221;middle&#8221; align_horizontal=&#8221;align_center&#8221; gutter_size=&#8221;2&#8243; style=&#8221;dark&#8221; overlay_alpha=&#8221;50&#8243; shift_x=&#8221;0&#8243; shift_y=&#8221;0&#8243; shift_y_down=&#8221;0&#8243; z_index=&#8221;0&#8243; align_medium=&#8221;align_center_tablet&#8221; medium_width=&#8221;0&#8243; align_mobile=&#8221;align_center_mobile&#8221; mobile_width=&#8221;0&#8243; width=&#8221;1\/1&#8243;][vc_custom_heading heading_semantic=&#8221;h3&#8243; subheading=&#8221;Nichts mehr verpassen: Abonnieren Sie unseren FitnessConnected Newsletter! Regelm\u00e4\u00dfig erhalten Sie damit geb\u00fcndelt die wichtigsten Neuigkeiten rund um unsere B2B-Fachmesse und unsere Innovations-Plattform.&#8221;]FitnessConnected Newsletter[\/vc_custom_heading][vc_row_inner][vc_column_inner column_width_percent=&#8221;55&#8243; position_vertical=&#8221;middle&#8221; align_horizontal=&#8221;align_center&#8221; gutter_size=&#8221;2&#8243; style=&#8221;dark&#8221; overlay_alpha=&#8221;50&#8243; shift_x=&#8221;0&#8243; shift_y=&#8221;0&#8243; shift_y_down=&#8221;0&#8243; z_index=&#8221;0&#8243; medium_width=&#8221;0&#8243; mobile_width=&#8221;0&#8243; width=&#8221;1\/1&#8243;][vc_column_text]<div role=\"form\" class=\"wpcf7\" id=\"wpcf7-f85645-o2\" lang=\"en-US\" dir=\"ltr\">\n<div class=\"screen-reader-response\"><p role=\"status\" aria-live=\"polite\" aria-atomic=\"true\"><\/p> <ul><\/ul><\/div>\n<form action=\"\/_fc\/wp-json\/wp\/v2\/pages\/84008#wpcf7-f85645-o2\" method=\"post\" class=\"wpcf7-form init\" novalidate=\"novalidate\" data-status=\"init\">\n<div style=\"display: none;\">\n<input type=\"hidden\" name=\"_wpcf7\" value=\"85645\" \/>\n<input type=\"hidden\" name=\"_wpcf7_version\" value=\"5.4\" \/>\n<input type=\"hidden\" name=\"_wpcf7_locale\" value=\"en_US\" \/>\n<input type=\"hidden\" name=\"_wpcf7_unit_tag\" value=\"wpcf7-f85645-o2\" \/>\n<input type=\"hidden\" name=\"_wpcf7_container_post\" value=\"0\" \/>\n<input type=\"hidden\" name=\"_wpcf7_posted_data_hash\" value=\"\" \/>\n<\/div>\n<div class=\"wpcf7-inline-wrapper\">\n<p class=\"wpcf7-inline-field\"><span class=\"wpcf7-form-control-wrap your-email\"><input type=\"text\" name=\"your-email\" value=\"\" size=\"40\" class=\"wpcf7-form-control wpcf7-text wpcf7-validates-as-required\" aria-required=\"true\" aria-invalid=\"false\" placeholder=\"E-Mail\" \/><\/span><\/p>\n<\/div>\n<p style=\"display: none\"><span class=\"wpcf7-form-control-wrap your-message\"><textarea name=\"your-message\" cols=\"40\" rows=\"10\" class=\"wpcf7-form-control wpcf7-textarea\" aria-invalid=\"false\" placeholder=\"Message\"><\/textarea><\/span> <\/p>\n<p><span class=\"wpcf7-form-control-wrap accept-this-1\"><span class=\"wpcf7-form-control wpcf7-acceptance\"><span class=\"wpcf7-list-item\"><label><input type=\"checkbox\" name=\"accept-this-1\" value=\"1\" aria-invalid=\"false\" \/><span class=\"wpcf7-list-item-label\">Hiermit best\u00e4tige ich, dass ich die <a href=\"#\">Datenschutzerkl\u00e4rung<\/a> gelesen habe und mit der Verarbeitung meiner Daten einverstanden bin.<\/span><\/label><\/span><\/span><\/span><\/p>\n<p><input type=\"submit\" value=\"Senden\" class=\"wpcf7-form-control wpcf7-submit btn btn-accent btn-flat btn-shadow-sm\" \/><\/p>\n<div class=\"wpcf7-response-output\" aria-hidden=\"true\"><\/div><\/form><\/div>[\/vc_column_text][\/vc_column_inner][\/vc_row_inner][\/vc_column][\/vc_row]<\/p>\n","protected":false},"excerpt":{"rendered":"<p>[vc_row unlock_row_content=&#8221;yes&#8221; row_height_percent=&#8221;55&#8243; override_padding=&#8221;yes&#8221; h_padding=&#8221;0&#8243; top_padding=&#8221;0&#8243; bottom_padding=&#8221;0&#8243; overlay_alpha=&#8221;50&#8243; equal_height=&#8221;yes&#8221; gutter_size=&#8221;0&#8243; column_width_percent=&#8221;100&#8243; shift_y=&#8221;0&#8243; z_index=&#8221;0&#8243;][vc_column column_width_percent=&#8221;100&#8243; gutter_size=&#8221;3&#8243; back_image=&#8221;85028&#8243; overlay_color=&#8221;color-210407&#8243; overlay_alpha=&#8221;50&#8243; shift_x=&#8221;0&#8243; shift_y=&#8221;0&#8243; [&hellip;]<\/p>\n","protected":false},"author":1,"featured_media":0,"parent":0,"menu_order":0,"comment_status":"closed","ping_status":"closed","template":"","meta":[],"_links":{"self":[{"href":"http:\/\/wp1002813.server-he.de\/_fc\/wp-json\/wp\/v2\/pages\/84008"}],"collection":[{"href":"http:\/\/wp1002813.server-he.de\/_fc\/wp-json\/wp\/v2\/pages"}],"about":[{"href":"http:\/\/wp1002813.server-he.de\/_fc\/wp-json\/wp\/v2\/types\/page"}],"author":[{"embeddable":true,"href":"http:\/\/wp1002813.server-he.de\/_fc\/wp-json\/wp\/v2\/users\/1"}],"replies":[{"embeddable":true,"href":"http:\/\/wp1002813.server-he.de\/_fc\/wp-json\/wp\/v2\/comments?post=84008"}],"version-history":[{"count":62,"href":"http:\/\/wp1002813.server-he.de\/_fc\/wp-json\/wp\/v2\/pages\/84008\/revisions"}],"predecessor-version":[{"id":85902,"href":"http:\/\/wp1002813.server-he.de\/_fc\/wp-json\/wp\/v2\/pages\/84008\/revisions\/85902"}],"wp:attachment":[{"href":"http:\/\/wp1002813.server-he.de\/_fc\/wp-json\/wp\/v2\/media?parent=84008"}],"curies":[{"name":"wp","href":"https:\/\/api.w.org\/{rel}","templated":true}]}}